{"id":1504,"date":"2022-02-01T20:00:03","date_gmt":"2022-02-01T19:00:03","guid":{"rendered":"https:\/\/flowhandmade.pl\/?post_type=product&#038;p=1504"},"modified":"2025-01-18T13:23:08","modified_gmt":"2025-01-18T12:23:08","slug":"szpilki-aurora","status":"publish","type":"product","link":"https:\/\/flowhandmade.pl\/index.php\/produkt\/szpilki-aurora\/","title":{"rendered":"Szpilki Aurora"},"content":{"rendered":"<p>Bi\u017cuteryjna szpilka do w\u0142os\u00f3w zaprojektowana i wykonana w Polsce z najwy\u017cszej jako\u015bci materia\u0142\u00f3w jubilerskich.<\/p>\n<p><strong>PRODUKT DOST\u0118PNY NA ZAM\u00d3WIENIE<\/strong>\u00a0\u2013 termin realizacji ok. 10 dni roboczych.\u00a0 Je\u015bli potrzebujesz go szybciej, napisz do nas: sklep@flowhandmade.pl<\/p>\n<p>OPIS:<\/p>\n<ul>\n<li>5 szpilek wykonanych z r\u0119cznie formowanych kremowych kwiat\u00f3w (z pianki) i kremowych szklanych pere\u0142<\/li>\n<li>z\u0142oty drucik<\/li>\n<\/ul>\n<p>DOPASUJ OZDOB\u0118 DO SWOICH POTRZEB \u2013\u00a0 istnieje mo\u017cliwo\u015b\u0107 wykonania szpilek w wersji srebrnej, z bia\u0142ymi kwiatami i bia\u0142ymi per\u0142ami.<\/p>\n<p><em>Prosimy o okre\u015blenie parametr\u00f3w jakie Pa\u0144stwa interesuj\u0105 (tj. kolor) podczas finalizacji zakup\u00f3w w oknie \u201eUwagi do zam\u00f3wienia<span class=\"optional\">\u201d znajduj\u0105cym si\u0119\u00a0<\/span>pod danymi teleadresowymi.\u00a0Je\u015bli nie wska\u017c\u0105 Pa\u0144stwo jakich zmian mamy dokona\u0107, wys\u0142any zostanie produkt wykonany wed\u0142ug parametr\u00f3w standardowych okre\u015blonych w opisie produktu.<\/em><\/p>\n<p>Produkty FLOW s\u0105 w ca\u0142o\u015bci wykonywane r\u0119cznie i mog\u0105 nieznacznie r\u00f3\u017cni\u0107 si\u0119 od tych egzemplarzy przedstawionych na naszych zdj\u0119ciach. Dok\u0142adamy jednak wszelkich stara\u0144 aby forma, jako\u015b\u0107 i og\u00f3lny wygl\u0105d pozosta\u0142y niezmienione.<\/p>\n<p>Przed dokonaniem zakupu prosimy o dok\u0142adne zapoznanie si\u0119 z zak\u0142adk\u0105 ZWROTY I ZAM\u00d3WIENIA.<\/p>\n","protected":false},"excerpt":{"rendered":"<p>Bi\u017cuteryjna szpilka do w\u0142os\u00f3w zaprojektowana i wykonana w Polsce z najwy\u017cszej jako\u015bci materia\u0142\u00f3w jubilerskich. PRODUKT DOST\u0118PNY NA ZAM\u00d3WIENIE\u00a0\u2013 termin realizacji ok. 10 dni roboczych.\u00a0 Je\u015bli potrzebujesz go szybciej, napisz do nas: sklep@flowhandmade.pl OPIS: 5 szpilek wykonanych z r\u0119cznie formowanych kremowych kwiat\u00f3w (z pianki) i kremowych szklanych pere\u0142 z\u0142oty drucik DOPASUJ OZDOB\u0118 DO SWOICH POTRZEB \u2013\u00a0 [&hellip;]<\/p>\n","protected":false},"featured_media":1505,"comment_status":"open","ping_status":"closed","template":"","meta":[],"product_brand":[],"product_cat":[48,20],"product_tag":[43,40,42],"class_list":{"0":"post-1504","1":"product","2":"type-product","3":"status-publish","4":"has-post-thumbnail","6":"product_cat-kolekcja-my-dream","7":"product_cat-szpilki","8":"product_tag-kokowka","9":"product_tag-ozdoba-slubna-do-wlosow","10":"product_tag-szpilka","12":"first","13":"instock","14":"shipping-taxable","15":"purchasable","16":"product-type-simple"},"yoast_head":"<!-- This site is optimized with the Yoast SEO plugin v27.0 - https:\/\/yoast.com\/product\/yoast-seo-wordpress\/ -->\n<title>Szpilki Aurora - \u015alubne ozdoby do w\u0142os\u00f3w i bi\u017cuteria \u015blubna<\/title>\n<meta name=\"description\" content=\"Unikatowa, r\u0119cznie robiona bi\u017cuteria i ozdoby do w\u0142os\u00f3w. \u015alubne wianki, grzebyki, opaski, ga\u0142\u0105zki do w\u0142os\u00f3w. Bi\u017cuteria z najwy\u017cszej jako\u015bci materia\u0142\u00f3w jubilerskich: bransoletki, kolczyki i wiele innych.\" \/>\n<meta name=\"robots\" content=\"index, follow, max-snippet:-1, max-image-preview:large, max-video-preview:-1\" \/>\n<link rel=\"canonical\" href=\"https:\/\/flowhandmade.pl\/index.php\/produkt\/szpilki-aurora\/\" \/>\n<meta property=\"og:locale\" content=\"pl_PL\" \/>\n<meta property=\"og:type\" content=\"article\" \/>\n<meta property=\"og:title\" content=\"Szpilki Aurora - \u015alubne ozdoby do w\u0142os\u00f3w i bi\u017cuteria \u015blubna\" \/>\n<meta property=\"og:description\" content=\"Unikatowa, r\u0119cznie robiona bi\u017cuteria i ozdoby do w\u0142os\u00f3w. \u015alubne wianki, grzebyki, opaski, ga\u0142\u0105zki do w\u0142os\u00f3w. Bi\u017cuteria z najwy\u017cszej jako\u015bci materia\u0142\u00f3w jubilerskich: bransoletki, kolczyki i wiele innych.\" \/>\n<meta property=\"og:url\" content=\"https:\/\/flowhandmade.pl\/index.php\/produkt\/szpilki-aurora\/\" \/>\n<meta property=\"og:site_name\" content=\"\u015alubne ozdoby do w\u0142os\u00f3w i bi\u017cuteria \u015blubna\" \/>\n<meta property=\"article:publisher\" content=\"https:\/\/pl-pl.facebook.com\/FlowAkcesoria\/\" \/>\n<meta property=\"article:modified_time\" content=\"2025-01-18T12:23:08+00:00\" \/>\n<meta property=\"og:image\" content=\"https:\/\/flowhandmade.pl\/wp-content\/uploads\/2022\/01\/MyDream_naturalsmall-1472.jpg\" \/>\n\t<meta property=\"og:image:width\" content=\"900\" \/>\n\t<meta property=\"og:image:height\" content=\"1350\" \/>\n\t<meta property=\"og:image:type\" content=\"image\/jpeg\" \/>\n<meta name=\"twitter:card\" content=\"summary_large_image\" \/>\n<meta name=\"twitter:label1\" content=\"Szacowany czas czytania\" \/>\n\t<meta name=\"twitter:data1\" content=\"1 minuta\" \/>\n<script type=\"application\/ld+json\" class=\"yoast-schema-graph\">{\"@context\":\"https:\/\/schema.org\",\"@graph\":[{\"@type\":\"WebPage\",\"@id\":\"https:\/\/flowhandmade.pl\/index.php\/produkt\/szpilki-aurora\/\",\"url\":\"https:\/\/flowhandmade.pl\/index.php\/produkt\/szpilki-aurora\/\",\"name\":\"Szpilki Aurora - \u015alubne ozdoby do w\u0142os\u00f3w i bi\u017cuteria \u015blubna\",\"isPartOf\":{\"@id\":\"https:\/\/flowhandmade.pl\/#website\"},\"primaryImageOfPage\":{\"@id\":\"https:\/\/flowhandmade.pl\/index.php\/produkt\/szpilki-aurora\/#primaryimage\"},\"image\":{\"@id\":\"https:\/\/flowhandmade.pl\/index.php\/produkt\/szpilki-aurora\/#primaryimage\"},\"thumbnailUrl\":\"https:\/\/flowhandmade.pl\/wp-content\/uploads\/2022\/01\/MyDream_naturalsmall-1472.webp\",\"datePublished\":\"2022-02-01T19:00:03+00:00\",\"dateModified\":\"2025-01-18T12:23:08+00:00\",\"description\":\"Unikatowa, r\u0119cznie robiona bi\u017cuteria i ozdoby do w\u0142os\u00f3w. \u015alubne wianki, grzebyki, opaski, ga\u0142\u0105zki do w\u0142os\u00f3w. Bi\u017cuteria z najwy\u017cszej jako\u015bci materia\u0142\u00f3w jubilerskich: bransoletki, kolczyki i wiele innych.\",\"breadcrumb\":{\"@id\":\"https:\/\/flowhandmade.pl\/index.php\/produkt\/szpilki-aurora\/#breadcrumb\"},\"inLanguage\":\"pl-PL\",\"potentialAction\":[{\"@type\":\"ReadAction\",\"target\":[\"https:\/\/flowhandmade.pl\/index.php\/produkt\/szpilki-aurora\/\"]}]},{\"@type\":\"ImageObject\",\"inLanguage\":\"pl-PL\",\"@id\":\"https:\/\/flowhandmade.pl\/index.php\/produkt\/szpilki-aurora\/#primaryimage\",\"url\":\"https:\/\/flowhandmade.pl\/wp-content\/uploads\/2022\/01\/MyDream_naturalsmall-1472.webp\",\"contentUrl\":\"https:\/\/flowhandmade.pl\/wp-content\/uploads\/2022\/01\/MyDream_naturalsmall-1472.webp\",\"width\":900,\"height\":1350},{\"@type\":\"BreadcrumbList\",\"@id\":\"https:\/\/flowhandmade.pl\/index.php\/produkt\/szpilki-aurora\/#breadcrumb\",\"itemListElement\":[{\"@type\":\"ListItem\",\"position\":1,\"name\":\"Strona g\u0142\u00f3wna\",\"item\":\"https:\/\/flowhandmade.pl\/\"},{\"@type\":\"ListItem\",\"position\":2,\"name\":\"Sklep\",\"item\":\"https:\/\/flowhandmade.pl\/index.php\/sklep\/\"},{\"@type\":\"ListItem\",\"position\":3,\"name\":\"Szpilki Aurora\"}]},{\"@type\":\"WebSite\",\"@id\":\"https:\/\/flowhandmade.pl\/#website\",\"url\":\"https:\/\/flowhandmade.pl\/\",\"name\":\"Flow handmade accessories\",\"description\":\"Unikatowa r\u0119cznie robiona bi\u017cuteria \u015blubna, bi\u017cuteryjne \u015blubne ozdoby do w\u0142os\u00f3w; wianki, grzebyki, spinki, opaski, szpilki. Akcesoria \u015blubne.\",\"publisher\":{\"@id\":\"https:\/\/flowhandmade.pl\/#organization\"},\"potentialAction\":[{\"@type\":\"SearchAction\",\"target\":{\"@type\":\"EntryPoint\",\"urlTemplate\":\"https:\/\/flowhandmade.pl\/?s={search_term_string}\"},\"query-input\":{\"@type\":\"PropertyValueSpecification\",\"valueRequired\":true,\"valueName\":\"search_term_string\"}}],\"inLanguage\":\"pl-PL\"},{\"@type\":\"Organization\",\"@id\":\"https:\/\/flowhandmade.pl\/#organization\",\"name\":\"Flow Renata Rosi\u0144ska-Zasuwa\",\"url\":\"https:\/\/flowhandmade.pl\/\",\"logo\":{\"@type\":\"ImageObject\",\"inLanguage\":\"pl-PL\",\"@id\":\"https:\/\/flowhandmade.pl\/#\/schema\/logo\/image\/\",\"url\":\"https:\/\/flowhandmade.pl\/wp-content\/uploads\/2019\/12\/IMG_1800-07-12-19-06-49.jpg\",\"contentUrl\":\"https:\/\/flowhandmade.pl\/wp-content\/uploads\/2019\/12\/IMG_1800-07-12-19-06-49.jpg\",\"width\":2048,\"height\":2048,\"caption\":\"Flow Renata Rosi\u0144ska-Zasuwa\"},\"image\":{\"@id\":\"https:\/\/flowhandmade.pl\/#\/schema\/logo\/image\/\"},\"sameAs\":[\"https:\/\/pl-pl.facebook.com\/FlowAkcesoria\/\",\"https:\/\/www.instagram.com\/flow_handmade_accessories\"]}]}<\/script>\n<!-- \/ Yoast SEO plugin. -->","yoast_head_json":{"title":"Szpilki Aurora - \u015alubne ozdoby do w\u0142os\u00f3w i bi\u017cuteria \u015blubna","description":"Unikatowa, r\u0119cznie robiona bi\u017cuteria i ozdoby do w\u0142os\u00f3w. \u015alubne wianki, grzebyki, opaski, ga\u0142\u0105zki do w\u0142os\u00f3w. Bi\u017cuteria z najwy\u017cszej jako\u015bci materia\u0142\u00f3w jubilerskich: bransoletki, kolczyki i wiele innych.","robots":{"index":"index","follow":"follow","max-snippet":"max-snippet:-1","max-image-preview":"max-image-preview:large","max-video-preview":"max-video-preview:-1"},"canonical":"https:\/\/flowhandmade.pl\/index.php\/produkt\/szpilki-aurora\/","og_locale":"pl_PL","og_type":"article","og_title":"Szpilki Aurora - \u015alubne ozdoby do w\u0142os\u00f3w i bi\u017cuteria \u015blubna","og_description":"Unikatowa, r\u0119cznie robiona bi\u017cuteria i ozdoby do w\u0142os\u00f3w. \u015alubne wianki, grzebyki, opaski, ga\u0142\u0105zki do w\u0142os\u00f3w. Bi\u017cuteria z najwy\u017cszej jako\u015bci materia\u0142\u00f3w jubilerskich: bransoletki, kolczyki i wiele innych.","og_url":"https:\/\/flowhandmade.pl\/index.php\/produkt\/szpilki-aurora\/","og_site_name":"\u015alubne ozdoby do w\u0142os\u00f3w i bi\u017cuteria \u015blubna","article_publisher":"https:\/\/pl-pl.facebook.com\/FlowAkcesoria\/","article_modified_time":"2025-01-18T12:23:08+00:00","og_image":[{"width":900,"height":1350,"url":"https:\/\/flowhandmade.pl\/wp-content\/uploads\/2022\/01\/MyDream_naturalsmall-1472.jpg","type":"image\/jpeg"}],"twitter_card":"summary_large_image","twitter_misc":{"Szacowany czas czytania":"1 minuta"},"schema":{"@context":"https:\/\/schema.org","@graph":[{"@type":"WebPage","@id":"https:\/\/flowhandmade.pl\/index.php\/produkt\/szpilki-aurora\/","url":"https:\/\/flowhandmade.pl\/index.php\/produkt\/szpilki-aurora\/","name":"Szpilki Aurora - \u015alubne ozdoby do w\u0142os\u00f3w i bi\u017cuteria \u015blubna","isPartOf":{"@id":"https:\/\/flowhandmade.pl\/#website"},"primaryImageOfPage":{"@id":"https:\/\/flowhandmade.pl\/index.php\/produkt\/szpilki-aurora\/#primaryimage"},"image":{"@id":"https:\/\/flowhandmade.pl\/index.php\/produkt\/szpilki-aurora\/#primaryimage"},"thumbnailUrl":"https:\/\/flowhandmade.pl\/wp-content\/uploads\/2022\/01\/MyDream_naturalsmall-1472.webp","datePublished":"2022-02-01T19:00:03+00:00","dateModified":"2025-01-18T12:23:08+00:00","description":"Unikatowa, r\u0119cznie robiona bi\u017cuteria i ozdoby do w\u0142os\u00f3w. \u015alubne wianki, grzebyki, opaski, ga\u0142\u0105zki do w\u0142os\u00f3w. Bi\u017cuteria z najwy\u017cszej jako\u015bci materia\u0142\u00f3w jubilerskich: bransoletki, kolczyki i wiele innych.","breadcrumb":{"@id":"https:\/\/flowhandmade.pl\/index.php\/produkt\/szpilki-aurora\/#breadcrumb"},"inLanguage":"pl-PL","potentialAction":[{"@type":"ReadAction","target":["https:\/\/flowhandmade.pl\/index.php\/produkt\/szpilki-aurora\/"]}]},{"@type":"ImageObject","inLanguage":"pl-PL","@id":"https:\/\/flowhandmade.pl\/index.php\/produkt\/szpilki-aurora\/#primaryimage","url":"https:\/\/flowhandmade.pl\/wp-content\/uploads\/2022\/01\/MyDream_naturalsmall-1472.webp","contentUrl":"https:\/\/flowhandmade.pl\/wp-content\/uploads\/2022\/01\/MyDream_naturalsmall-1472.webp","width":900,"height":1350},{"@type":"BreadcrumbList","@id":"https:\/\/flowhandmade.pl\/index.php\/produkt\/szpilki-aurora\/#breadcrumb","itemListElement":[{"@type":"ListItem","position":1,"name":"Strona g\u0142\u00f3wna","item":"https:\/\/flowhandmade.pl\/"},{"@type":"ListItem","position":2,"name":"Sklep","item":"https:\/\/flowhandmade.pl\/index.php\/sklep\/"},{"@type":"ListItem","position":3,"name":"Szpilki Aurora"}]},{"@type":"WebSite","@id":"https:\/\/flowhandmade.pl\/#website","url":"https:\/\/flowhandmade.pl\/","name":"Flow handmade accessories","description":"Unikatowa r\u0119cznie robiona bi\u017cuteria \u015blubna, bi\u017cuteryjne \u015blubne ozdoby do w\u0142os\u00f3w; wianki, grzebyki, spinki, opaski, szpilki. Akcesoria \u015blubne.","publisher":{"@id":"https:\/\/flowhandmade.pl\/#organization"},"potentialAction":[{"@type":"SearchAction","target":{"@type":"EntryPoint","urlTemplate":"https:\/\/flowhandmade.pl\/?s={search_term_string}"},"query-input":{"@type":"PropertyValueSpecification","valueRequired":true,"valueName":"search_term_string"}}],"inLanguage":"pl-PL"},{"@type":"Organization","@id":"https:\/\/flowhandmade.pl\/#organization","name":"Flow Renata Rosi\u0144ska-Zasuwa","url":"https:\/\/flowhandmade.pl\/","logo":{"@type":"ImageObject","inLanguage":"pl-PL","@id":"https:\/\/flowhandmade.pl\/#\/schema\/logo\/image\/","url":"https:\/\/flowhandmade.pl\/wp-content\/uploads\/2019\/12\/IMG_1800-07-12-19-06-49.jpg","contentUrl":"https:\/\/flowhandmade.pl\/wp-content\/uploads\/2019\/12\/IMG_1800-07-12-19-06-49.jpg","width":2048,"height":2048,"caption":"Flow Renata Rosi\u0144ska-Zasuwa"},"image":{"@id":"https:\/\/flowhandmade.pl\/#\/schema\/logo\/image\/"},"sameAs":["https:\/\/pl-pl.facebook.com\/FlowAkcesoria\/","https:\/\/www.instagram.com\/flow_handmade_accessories"]}]}},"_links":{"self":[{"href":"https:\/\/flowhandmade.pl\/index.php\/wp-json\/wp\/v2\/product\/1504","targetHints":{"allow":["GET"]}}],"collection":[{"href":"https:\/\/flowhandmade.pl\/index.php\/wp-json\/wp\/v2\/product"}],"about":[{"href":"https:\/\/flowhandmade.pl\/index.php\/wp-json\/wp\/v2\/types\/product"}],"replies":[{"embeddable":true,"href":"https:\/\/flowhandmade.pl\/index.php\/wp-json\/wp\/v2\/comments?post=1504"}],"wp:featuredmedia":[{"embeddable":true,"href":"https:\/\/flowhandmade.pl\/index.php\/wp-json\/wp\/v2\/media\/1505"}],"wp:attachment":[{"href":"https:\/\/flowhandmade.pl\/index.php\/wp-json\/wp\/v2\/media?parent=1504"}],"wp:term":[{"taxonomy":"product_brand","embeddable":true,"href":"https:\/\/flowhandmade.pl\/index.php\/wp-json\/wp\/v2\/product_brand?post=1504"},{"taxonomy":"product_cat","embeddable":true,"href":"https:\/\/flowhandmade.pl\/index.php\/wp-json\/wp\/v2\/product_cat?post=1504"},{"taxonomy":"product_tag","embeddable":true,"href":"https:\/\/flowhandmade.pl\/index.php\/wp-json\/wp\/v2\/product_tag?post=1504"}],"curies":[{"name":"wp","href":"https:\/\/api.w.org\/{rel}","templated":true}]}}