{"id":50,"date":"2018-11-06T15:17:22","date_gmt":"2018-11-06T14:17:22","guid":{"rendered":"https:\/\/flowhandmade.pl\/wordpress\/?page_id=50"},"modified":"2020-01-05T19:49:11","modified_gmt":"2020-01-05T18:49:11","slug":"jak-dbac-o-produkty-flow","status":"publish","type":"page","link":"https:\/\/flowhandmade.pl\/index.php\/jak-dbac-o-produkty-flow\/","title":{"rendered":"Jak dba\u0107 o produkty Flow"},"content":{"rendered":"<p>JAK DBA\u0106 O PRODUKTY FLOW<\/p>\n<p>Je\u015bli chcesz cieszy\u0107 si\u0119 pi\u0119knem produkt\u00f3w z naszej pracowni przez d\u0142ugi czas nale\u017cy przestrzega\u0107 kilku prostych zasad.<\/p>\n<p>Ka\u017cdy produkt FLOW zapakowany jest w wytrzyma\u0142e pude\u0142ko, kt\u00f3re chroni zawarto\u015b\u0107 przed zgnieceniem i zabrudzeniem. Przechowuj go w nim z dala od wilgoci i kurzu.<\/p>\n<p>R\u0119cznie wykonane, plecione wianki, ga\u0142\u0105zki, grzebyki itp. kt\u00f3rych baz\u0105 jest elastyczny drucik mo\u017cesz \u0142atwo dopasowa\u0107 do ka\u017cdej fryzury. Nie wyginaj ich jednak zbyt mocno. Wielokrotne zaginanie i rozginanie, mo\u017ce spowodowa\u0107 od\u0142amanie elementu ozdoby. Nie zalecamy r\u00f3wnie\u017c bezpo\u015bredniego kontaktu ozdoby z produktami do stylizacji w\u0142os\u00f3w (np. lakier, pianka), poniewa\u017c mog\u0105 spowodowa\u0107 zmian\u0119 jej koloru lub utrat\u0119 po\u0142ysku. Ozdoby nie lubi\u0105 te\u017c wilgoci!<\/p>\n<p>Wianki i inne ozdoby do w\u0142os\u00f3w wykonane na bazie drucika s\u0105 delikatne, aby nie straci\u0142y swojego pierwotnego kszta\u0142tu, obchod\u017a si\u0119 z nimi ostro\u017cnie.<\/p>\n<p>Jedwabne, r\u0119cznie formowane kwiaty nie toleruj\u0105 wody, dlatego unikaj ich zamoczenia. Je\u015bli jednak ulegn\u0105 zabrudzeniu mo\u017cesz spr\u00f3bowa\u0107 delikatnie wyczy\u015bci\u0107 je przy u\u017cyciu wilgotnej \u015bciereczki. Nie gwarantujemy jednak, \u017ce po takim zabiegu b\u0119d\u0105 wygl\u0105da\u0142y jak na pocz\u0105tku. Unikaj przygniatania kwiat\u00f3w innymi przedmiotami, gdy\u017c mog\u0105 ulec zniekszta\u0142ceniu.<\/p>\n<p>Wszystkie niezgodno\u015bci dotycz\u0105ce zam\u00f3wienia, nie zwi\u0105zane z uszkodzeniem przesy\u0142ki lub niedok\u0142adnym zapakowaniem ozd\u00f3b, powinny zosta\u0107 zg\u0142oszone w ci\u0105gu 24 godzin od otrzymania przesy\u0142ki.\u00a0W innym przypadku reklamacje mog\u0105 zosta\u0107 nieuwzgl\u0119dnione.<\/p>\n<p>W razie pyta\u0144 i\u00a0w\u0105tpliwo\u015bci prosimy o kontakt!<\/p>\n","protected":false},"excerpt":{"rendered":"<p>JAK DBA\u0106 O PRODUKTY FLOW Je\u015bli chcesz cieszy\u0107 si\u0119 pi\u0119knem produkt\u00f3w z naszej pracowni przez d\u0142ugi czas nale\u017cy przestrzega\u0107 kilku prostych zasad. Ka\u017cdy produkt FLOW zapakowany jest w wytrzyma\u0142e pude\u0142ko, kt\u00f3re chroni zawarto\u015b\u0107 przed zgnieceniem i zabrudzeniem. Przechowuj go w nim z dala od wilgoci i kurzu. R\u0119cznie wykonane, plecione wianki, ga\u0142\u0105zki, grzebyki itp. kt\u00f3rych [&hellip;]<\/p>\n","protected":false},"author":1,"featured_media":0,"parent":0,"menu_order":0,"comment_status":"closed","ping_status":"closed","template":"template-fullwidth.php","meta":{"footnotes":""},"class_list":["post-50","page","type-page","status-publish","hentry"],"yoast_head":"<!-- This site is optimized with the Yoast SEO plugin v27.0 - https:\/\/yoast.com\/product\/yoast-seo-wordpress\/ -->\n<title>Jak dba\u0107 o produkty Flow - \u015alubne ozdoby do w\u0142os\u00f3w i bi\u017cuteria \u015blubna<\/title>\n<meta name=\"description\" content=\"R\u0119cznie robiona bi\u017cuteria i ozdoby do w\u0142os\u00f3w: wianki, grzebyki, opaski, ga\u0142\u0105zki do w\u0142os\u00f3w. Bi\u017cuteria z najwy\u017cszej jako\u015bci materia\u0142\u00f3w jubilerskich.\" \/>\n<meta name=\"robots\" content=\"index, follow, max-snippet:-1, max-image-preview:large, max-video-preview:-1\" \/>\n<link rel=\"canonical\" href=\"https:\/\/flowhandmade.pl\/index.php\/jak-dbac-o-produkty-flow\/\" \/>\n<meta property=\"og:locale\" content=\"pl_PL\" \/>\n<meta property=\"og:type\" content=\"article\" \/>\n<meta property=\"og:title\" content=\"Jak dba\u0107 o produkty Flow - \u015alubne ozdoby do w\u0142os\u00f3w i bi\u017cuteria \u015blubna\" \/>\n<meta property=\"og:description\" content=\"R\u0119cznie robiona bi\u017cuteria i ozdoby do w\u0142os\u00f3w: wianki, grzebyki, opaski, ga\u0142\u0105zki do w\u0142os\u00f3w. Bi\u017cuteria z najwy\u017cszej jako\u015bci materia\u0142\u00f3w jubilerskich.\" \/>\n<meta property=\"og:url\" content=\"https:\/\/flowhandmade.pl\/index.php\/jak-dbac-o-produkty-flow\/\" \/>\n<meta property=\"og:site_name\" content=\"\u015alubne ozdoby do w\u0142os\u00f3w i bi\u017cuteria \u015blubna\" \/>\n<meta property=\"article:publisher\" content=\"https:\/\/pl-pl.facebook.com\/FlowAkcesoria\/\" \/>\n<meta property=\"article:modified_time\" content=\"2020-01-05T18:49:11+00:00\" \/>\n<meta name=\"twitter:card\" content=\"summary_large_image\" \/>\n<meta name=\"twitter:label1\" content=\"Szacowany czas czytania\" \/>\n\t<meta name=\"twitter:data1\" content=\"1 minuta\" \/>\n<script type=\"application\/ld+json\" class=\"yoast-schema-graph\">{\"@context\":\"https:\/\/schema.org\",\"@graph\":[{\"@type\":\"WebPage\",\"@id\":\"https:\/\/flowhandmade.pl\/index.php\/jak-dbac-o-produkty-flow\/\",\"url\":\"https:\/\/flowhandmade.pl\/index.php\/jak-dbac-o-produkty-flow\/\",\"name\":\"Jak dba\u0107 o produkty Flow - \u015alubne ozdoby do w\u0142os\u00f3w i bi\u017cuteria \u015blubna\",\"isPartOf\":{\"@id\":\"https:\/\/flowhandmade.pl\/#website\"},\"datePublished\":\"2018-11-06T14:17:22+00:00\",\"dateModified\":\"2020-01-05T18:49:11+00:00\",\"description\":\"R\u0119cznie robiona bi\u017cuteria i ozdoby do w\u0142os\u00f3w: wianki, grzebyki, opaski, ga\u0142\u0105zki do w\u0142os\u00f3w. Bi\u017cuteria z najwy\u017cszej jako\u015bci materia\u0142\u00f3w jubilerskich.\",\"breadcrumb\":{\"@id\":\"https:\/\/flowhandmade.pl\/index.php\/jak-dbac-o-produkty-flow\/#breadcrumb\"},\"inLanguage\":\"pl-PL\",\"potentialAction\":[{\"@type\":\"ReadAction\",\"target\":[\"https:\/\/flowhandmade.pl\/index.php\/jak-dbac-o-produkty-flow\/\"]}]},{\"@type\":\"BreadcrumbList\",\"@id\":\"https:\/\/flowhandmade.pl\/index.php\/jak-dbac-o-produkty-flow\/#breadcrumb\",\"itemListElement\":[{\"@type\":\"ListItem\",\"position\":1,\"name\":\"Strona g\u0142\u00f3wna\",\"item\":\"https:\/\/flowhandmade.pl\/\"},{\"@type\":\"ListItem\",\"position\":2,\"name\":\"Jak dba\u0107 o produkty Flow\"}]},{\"@type\":\"WebSite\",\"@id\":\"https:\/\/flowhandmade.pl\/#website\",\"url\":\"https:\/\/flowhandmade.pl\/\",\"name\":\"Flow handmade accessories\",\"description\":\"Unikatowa r\u0119cznie robiona bi\u017cuteria \u015blubna, bi\u017cuteryjne \u015blubne ozdoby do w\u0142os\u00f3w; wianki, grzebyki, spinki, opaski, szpilki. Akcesoria \u015blubne.\",\"publisher\":{\"@id\":\"https:\/\/flowhandmade.pl\/#organization\"},\"potentialAction\":[{\"@type\":\"SearchAction\",\"target\":{\"@type\":\"EntryPoint\",\"urlTemplate\":\"https:\/\/flowhandmade.pl\/?s={search_term_string}\"},\"query-input\":{\"@type\":\"PropertyValueSpecification\",\"valueRequired\":true,\"valueName\":\"search_term_string\"}}],\"inLanguage\":\"pl-PL\"},{\"@type\":\"Organization\",\"@id\":\"https:\/\/flowhandmade.pl\/#organization\",\"name\":\"Flow Renata Rosi\u0144ska-Zasuwa\",\"url\":\"https:\/\/flowhandmade.pl\/\",\"logo\":{\"@type\":\"ImageObject\",\"inLanguage\":\"pl-PL\",\"@id\":\"https:\/\/flowhandmade.pl\/#\/schema\/logo\/image\/\",\"url\":\"https:\/\/flowhandmade.pl\/wp-content\/uploads\/2019\/12\/IMG_1800-07-12-19-06-49.jpg\",\"contentUrl\":\"https:\/\/flowhandmade.pl\/wp-content\/uploads\/2019\/12\/IMG_1800-07-12-19-06-49.jpg\",\"width\":2048,\"height\":2048,\"caption\":\"Flow Renata Rosi\u0144ska-Zasuwa\"},\"image\":{\"@id\":\"https:\/\/flowhandmade.pl\/#\/schema\/logo\/image\/\"},\"sameAs\":[\"https:\/\/pl-pl.facebook.com\/FlowAkcesoria\/\",\"https:\/\/www.instagram.com\/flow_handmade_accessories\"]}]}<\/script>\n<!-- \/ Yoast SEO plugin. -->","yoast_head_json":{"title":"Jak dba\u0107 o produkty Flow - \u015alubne ozdoby do w\u0142os\u00f3w i bi\u017cuteria \u015blubna","description":"R\u0119cznie robiona bi\u017cuteria i ozdoby do w\u0142os\u00f3w: wianki, grzebyki, opaski, ga\u0142\u0105zki do w\u0142os\u00f3w. Bi\u017cuteria z najwy\u017cszej jako\u015bci materia\u0142\u00f3w jubilerskich.","robots":{"index":"index","follow":"follow","max-snippet":"max-snippet:-1","max-image-preview":"max-image-preview:large","max-video-preview":"max-video-preview:-1"},"canonical":"https:\/\/flowhandmade.pl\/index.php\/jak-dbac-o-produkty-flow\/","og_locale":"pl_PL","og_type":"article","og_title":"Jak dba\u0107 o produkty Flow - \u015alubne ozdoby do w\u0142os\u00f3w i bi\u017cuteria \u015blubna","og_description":"R\u0119cznie robiona bi\u017cuteria i ozdoby do w\u0142os\u00f3w: wianki, grzebyki, opaski, ga\u0142\u0105zki do w\u0142os\u00f3w. Bi\u017cuteria z najwy\u017cszej jako\u015bci materia\u0142\u00f3w jubilerskich.","og_url":"https:\/\/flowhandmade.pl\/index.php\/jak-dbac-o-produkty-flow\/","og_site_name":"\u015alubne ozdoby do w\u0142os\u00f3w i bi\u017cuteria \u015blubna","article_publisher":"https:\/\/pl-pl.facebook.com\/FlowAkcesoria\/","article_modified_time":"2020-01-05T18:49:11+00:00","twitter_card":"summary_large_image","twitter_misc":{"Szacowany czas czytania":"1 minuta"},"schema":{"@context":"https:\/\/schema.org","@graph":[{"@type":"WebPage","@id":"https:\/\/flowhandmade.pl\/index.php\/jak-dbac-o-produkty-flow\/","url":"https:\/\/flowhandmade.pl\/index.php\/jak-dbac-o-produkty-flow\/","name":"Jak dba\u0107 o produkty Flow - \u015alubne ozdoby do w\u0142os\u00f3w i bi\u017cuteria \u015blubna","isPartOf":{"@id":"https:\/\/flowhandmade.pl\/#website"},"datePublished":"2018-11-06T14:17:22+00:00","dateModified":"2020-01-05T18:49:11+00:00","description":"R\u0119cznie robiona bi\u017cuteria i ozdoby do w\u0142os\u00f3w: wianki, grzebyki, opaski, ga\u0142\u0105zki do w\u0142os\u00f3w. Bi\u017cuteria z najwy\u017cszej jako\u015bci materia\u0142\u00f3w jubilerskich.","breadcrumb":{"@id":"https:\/\/flowhandmade.pl\/index.php\/jak-dbac-o-produkty-flow\/#breadcrumb"},"inLanguage":"pl-PL","potentialAction":[{"@type":"ReadAction","target":["https:\/\/flowhandmade.pl\/index.php\/jak-dbac-o-produkty-flow\/"]}]},{"@type":"BreadcrumbList","@id":"https:\/\/flowhandmade.pl\/index.php\/jak-dbac-o-produkty-flow\/#breadcrumb","itemListElement":[{"@type":"ListItem","position":1,"name":"Strona g\u0142\u00f3wna","item":"https:\/\/flowhandmade.pl\/"},{"@type":"ListItem","position":2,"name":"Jak dba\u0107 o produkty Flow"}]},{"@type":"WebSite","@id":"https:\/\/flowhandmade.pl\/#website","url":"https:\/\/flowhandmade.pl\/","name":"Flow handmade accessories","description":"Unikatowa r\u0119cznie robiona bi\u017cuteria \u015blubna, bi\u017cuteryjne \u015blubne ozdoby do w\u0142os\u00f3w; wianki, grzebyki, spinki, opaski, szpilki. Akcesoria \u015blubne.","publisher":{"@id":"https:\/\/flowhandmade.pl\/#organization"},"potentialAction":[{"@type":"SearchAction","target":{"@type":"EntryPoint","urlTemplate":"https:\/\/flowhandmade.pl\/?s={search_term_string}"},"query-input":{"@type":"PropertyValueSpecification","valueRequired":true,"valueName":"search_term_string"}}],"inLanguage":"pl-PL"},{"@type":"Organization","@id":"https:\/\/flowhandmade.pl\/#organization","name":"Flow Renata Rosi\u0144ska-Zasuwa","url":"https:\/\/flowhandmade.pl\/","logo":{"@type":"ImageObject","inLanguage":"pl-PL","@id":"https:\/\/flowhandmade.pl\/#\/schema\/logo\/image\/","url":"https:\/\/flowhandmade.pl\/wp-content\/uploads\/2019\/12\/IMG_1800-07-12-19-06-49.jpg","contentUrl":"https:\/\/flowhandmade.pl\/wp-content\/uploads\/2019\/12\/IMG_1800-07-12-19-06-49.jpg","width":2048,"height":2048,"caption":"Flow Renata Rosi\u0144ska-Zasuwa"},"image":{"@id":"https:\/\/flowhandmade.pl\/#\/schema\/logo\/image\/"},"sameAs":["https:\/\/pl-pl.facebook.com\/FlowAkcesoria\/","https:\/\/www.instagram.com\/flow_handmade_accessories"]}]}},"_links":{"self":[{"href":"https:\/\/flowhandmade.pl\/index.php\/wp-json\/wp\/v2\/pages\/50","targetHints":{"allow":["GET"]}}],"collection":[{"href":"https:\/\/flowhandmade.pl\/index.php\/wp-json\/wp\/v2\/pages"}],"about":[{"href":"https:\/\/flowhandmade.pl\/index.php\/wp-json\/wp\/v2\/types\/page"}],"author":[{"embeddable":true,"href":"https:\/\/flowhandmade.pl\/index.php\/wp-json\/wp\/v2\/users\/1"}],"replies":[{"embeddable":true,"href":"https:\/\/flowhandmade.pl\/index.php\/wp-json\/wp\/v2\/comments?post=50"}],"version-history":[{"count":4,"href":"https:\/\/flowhandmade.pl\/index.php\/wp-json\/wp\/v2\/pages\/50\/revisions"}],"predecessor-version":[{"id":868,"href":"https:\/\/flowhandmade.pl\/index.php\/wp-json\/wp\/v2\/pages\/50\/revisions\/868"}],"wp:attachment":[{"href":"https:\/\/flowhandmade.pl\/index.php\/wp-json\/wp\/v2\/media?parent=50"}],"curies":[{"name":"wp","href":"https:\/\/api.w.org\/{rel}","templated":true}]}}