{"id":48,"date":"2018-11-06T15:17:10","date_gmt":"2018-11-06T14:17:10","guid":{"rendered":"https:\/\/flowhandmade.pl\/wordpress\/?page_id=48"},"modified":"2020-10-19T13:42:22","modified_gmt":"2020-10-19T11:42:22","slug":"zwroty-i-zamowienia","status":"publish","type":"page","link":"https:\/\/flowhandmade.pl\/index.php\/zwroty-i-zamowienia\/","title":{"rendered":"Zwroty i zam\u00f3wienia indywidualne"},"content":{"rendered":"<p>Znaczna wi\u0119kszo\u015b\u0107 produkt\u00f3w oferowanych na stronie sklepu FLOW wykonywana jest na Pa\u0144stwa indywidualne zam\u00f3wienie,\u00a0dlatego nie jest mo\u017cliwy ich zwrot. W tym miejscu zwracamy si\u0119 do Pa\u0144stwa z ogromn\u0105 pro\u015bb\u0105 o przemy\u015blane i odpowiedzialne dokonywanie zam\u00f3wie\u0144. Po z\u0142o\u017ceniu zam\u00f3wienia i podaniu poszczeg\u00f3lnych parametr\u00f3w * (tj. np. d\u0142ugo\u015b\u0107, kolor) przyst\u0119pujemy do jego realizacji. W ten spos\u00f3b otrzymaj\u0105 Pa\u0144stwo produkt idealnie dopasowany do w\u0142asnych potrzeb.<\/p>\n<p>*<em>dost\u0119pne parametry takie jak d\u0142ugo\u015b\u0107, kolor wskazane s\u0105 w opisie produktu. Prosimy o okre\u015blenie parametr\u00f3w jakie Pa\u0144stwa interesuj\u0105 podczas finalizacji zakup\u00f3w w oknie &#8222;Uwagi do zam\u00f3wienia<span class=\"optional\">&#8221; znajduj\u0105cym si\u0119\u00a0<\/span>pod danymi teleadresowymi .\u00a0Je\u015bli nie wska\u017c\u0105 Pa\u0144stwo jakich zmian mamy dokona\u0107, wys\u0142any zostanie produkt wykonany wed\u0142ug parametr\u00f3w standardowych okre\u015blonych w opisie produktu.<\/em><\/p>\n<div class=\"rte\">\n<p>W sytuacjach wyj\u0105tkowych, dopuszczamy ewentualn\u0105 wymian\u0119\u00a0towaru na inny, w takiej samej lub wy\u017cszej cenie. Ka\u017cd\u0105 tak\u0105 sytuacje rozpatrujemy indywidualnie.<\/p>\n<p>Czas realizacji wi\u0119kszo\u015bci zam\u00f3wie\u0144 to 10-12 dni roboczych (termin realizacji podany jest w opisie ka\u017cdego produktu). Wyj\u0105tkiem s\u0105 zam\u00f3wienia specjalne, kt\u00f3re mo\u017cna z\u0142o\u017cy\u0107 poprzez wiadomo\u015b\u0107 mailow\u0105: sklep@flowhandmade.pl lub formularz kontaktowy na stronie sklepu. Termin realizacji takiego zam\u00f3wienia wyd\u0142u\u017ca si\u0119 nawet do 20 dni roboczych. Mamy na my\u015bli zam\u00f3wienia, kt\u00f3re tworzone s\u0105 od pocz\u0105tku (wed\u0142ug projektu, pomys\u0142u indywidualnego) zgodnie z wytycznymi Klienta. O wszelkich ewentualnych op\u00f3\u017anieniach w trakcie realizacji poszczeg\u00f3lnych zam\u00f3wie\u0144, jeste\u015bmy zobowi\u0105zani Pa\u0144stwa poinformowa\u0107.<\/p>\n<p>Nale\u017cy r\u00f3wnie\u017c zwr\u00f3ci\u0107 uwag\u0119 na fakt, i\u017c akcesoria FLOW s\u0105 w ca\u0142o\u015bci wykonywane r\u0119cznie i mog\u0105 nieznacznie r\u00f3\u017cni\u0107 si\u0119\u00a0od tych\u00a0przedstawionych na naszych zdj\u0119ciach. Dok\u0142adamy jednak wszelkich stara\u0144 aby forma, jako\u015b\u0107 i og\u00f3lny wygl\u0105d pozosta\u0142y niezmienione.<\/p>\n<p>Wszystkie niezgodno\u015bci dotycz\u0105ce zam\u00f3wienia, zwi\u0105zane z uszkodzeniem przesy\u0142ki lub uwagami do wykonania ozdoby, powinny zosta\u0107 zg\u0142oszone w ci\u0105gu 24 godzin od otrzymania przesy\u0142ki. Po tym terminie odpowiedzialno\u015b\u0107 pozostaje po stronie klienta.<\/p>\n<p>Procesowi zwrotu lub wymiany podlegaj\u0105 jedynie produkty oznaczone w sklepie jako \u201ePRODUKT GOTOWY DO WYSY\u0141KI\u201d. Taki produkt mo\u017cna zwr\u00f3ci\u0107\u00a0bez podania przyczyny na zasadach okre\u015blonych w ustawie o prawach konsumentach z dnia 30 maja 2014 r. Odst\u0105pienie od umowy zawartej na odleg\u0142o\u015b\u0107 musi nast\u0105pi\u0107 w przeci\u0105gu 14 dni kalendarzowych od otrzymania przez Klienta towaru. Sklep zwraca nale\u017cno\u015b\u0107 za zwr\u00f3cony towar w ci\u0105gu 14 dni od daty jego otrzymania.<\/p>\n<p>Warunkiem realizacji zwrotu jest dostarczenie do sklepu towaru w stanie niezmienionym tj. jest oryginalnie zapakowany, posiada zamontowane oryginalne metki, zosta\u0142 bezpiecznie zapakowany do zwrotu tak by tak\u017ce opakowanie nie zosta\u0142o uszkodzone (z do\u0142\u0105czonym dowodem zakupu paragon). Konsument ponosi odpowiedzialno\u015b\u0107 za zmniejszenie warto\u015bci produktu b\u0119d\u0105ce wynikiem korzystania z niego w spos\u00f3b wykraczaj\u0105cy poza konieczny do stwierdzenia charakteru, cech i funkcjonowania produktu.<\/p>\n<p>Zwracane produkty prosimy odes\u0142a\u0107 na ten sam adres, z kt\u00f3rego zosta\u0142y dostarczone. Dla pa\u0144stwa wygody i mo\u017cliwo\u015bci reklamacji wys\u0142anej przesy\u0142ki prosimy o wysy\u0142anie do nas zwrot\u00f3w lub wymian z potwierdzeniem nadania. Bez potwierdzenia nadania w razie zagini\u0119cia nie maj\u0105 Pa\u0144stwo mo\u017cliwo\u015bci reklamacji przesy\u0142ki. Sklep FLOW nie przyjmuje przesy\u0142ek wys\u0142anych za pobraniem. Koszty odes\u0142ania towaru nie podlegaj\u0105 zwrotowi.<\/p>\n<p>Jeszcze raz prosimy o przemy\u015blane zakupy \ud83d\ude42<\/p>\n<p>W razie pyta\u0144, w\u0105tpliwo\u015bci &#8211; zapraszamy do kontaktu!<\/p>\n<\/div>\n","protected":false},"excerpt":{"rendered":"<p>Znaczna wi\u0119kszo\u015b\u0107 produkt\u00f3w oferowanych na stronie sklepu FLOW wykonywana jest na Pa\u0144stwa indywidualne zam\u00f3wienie,\u00a0dlatego nie jest mo\u017cliwy ich zwrot. W tym miejscu zwracamy si\u0119 do Pa\u0144stwa z ogromn\u0105 pro\u015bb\u0105 o przemy\u015blane i odpowiedzialne dokonywanie zam\u00f3wie\u0144. Po z\u0142o\u017ceniu zam\u00f3wienia i podaniu poszczeg\u00f3lnych parametr\u00f3w * (tj. np. d\u0142ugo\u015b\u0107, kolor) przyst\u0119pujemy do jego realizacji. W ten spos\u00f3b otrzymaj\u0105 [&hellip;]<\/p>\n","protected":false},"author":1,"featured_media":0,"parent":0,"menu_order":0,"comment_status":"closed","ping_status":"closed","template":"template-fullwidth.php","meta":{"footnotes":""},"class_list":["post-48","page","type-page","status-publish","hentry"],"yoast_head":"<!-- This site is optimized with the Yoast SEO plugin v27.0 - https:\/\/yoast.com\/product\/yoast-seo-wordpress\/ -->\n<title>Zwroty i zam\u00f3wienia indywidualne - \u015alubne ozdoby do w\u0142os\u00f3w i bi\u017cuteria \u015blubna<\/title>\n<meta name=\"description\" content=\"Unikatowa, r\u0119cznie robiona bi\u017cuteria i ozdoby do w\u0142os\u00f3w. \u015alubne wianki, grzebyki, opaski, ga\u0142\u0105zki do w\u0142os\u00f3w. Bi\u017cuteria z najwy\u017cszej jako\u015bci materia\u0142\u00f3w jubilerskich: bransoletki, kolczyki i wiele innych.\" \/>\n<meta name=\"robots\" content=\"index, follow, max-snippet:-1, max-image-preview:large, max-video-preview:-1\" \/>\n<link rel=\"canonical\" href=\"https:\/\/flowhandmade.pl\/index.php\/zwroty-i-zamowienia\/\" \/>\n<meta property=\"og:locale\" content=\"pl_PL\" \/>\n<meta property=\"og:type\" content=\"article\" \/>\n<meta property=\"og:title\" content=\"Zwroty i zam\u00f3wienia indywidualne - \u015alubne ozdoby do w\u0142os\u00f3w i bi\u017cuteria \u015blubna\" \/>\n<meta property=\"og:description\" content=\"Unikatowa, r\u0119cznie robiona bi\u017cuteria i ozdoby do w\u0142os\u00f3w. \u015alubne wianki, grzebyki, opaski, ga\u0142\u0105zki do w\u0142os\u00f3w. Bi\u017cuteria z najwy\u017cszej jako\u015bci materia\u0142\u00f3w jubilerskich: bransoletki, kolczyki i wiele innych.\" \/>\n<meta property=\"og:url\" content=\"https:\/\/flowhandmade.pl\/index.php\/zwroty-i-zamowienia\/\" \/>\n<meta property=\"og:site_name\" content=\"\u015alubne ozdoby do w\u0142os\u00f3w i bi\u017cuteria \u015blubna\" \/>\n<meta property=\"article:publisher\" content=\"https:\/\/pl-pl.facebook.com\/FlowAkcesoria\/\" \/>\n<meta property=\"article:modified_time\" content=\"2020-10-19T11:42:22+00:00\" \/>\n<meta name=\"twitter:card\" content=\"summary_large_image\" \/>\n<meta name=\"twitter:label1\" content=\"Szacowany czas czytania\" \/>\n\t<meta name=\"twitter:data1\" content=\"3 minuty\" \/>\n<script type=\"application\/ld+json\" class=\"yoast-schema-graph\">{\"@context\":\"https:\/\/schema.org\",\"@graph\":[{\"@type\":\"WebPage\",\"@id\":\"https:\/\/flowhandmade.pl\/index.php\/zwroty-i-zamowienia\/\",\"url\":\"https:\/\/flowhandmade.pl\/index.php\/zwroty-i-zamowienia\/\",\"name\":\"Zwroty i zam\u00f3wienia indywidualne - \u015alubne ozdoby do w\u0142os\u00f3w i bi\u017cuteria \u015blubna\",\"isPartOf\":{\"@id\":\"https:\/\/flowhandmade.pl\/#website\"},\"datePublished\":\"2018-11-06T14:17:10+00:00\",\"dateModified\":\"2020-10-19T11:42:22+00:00\",\"description\":\"Unikatowa, r\u0119cznie robiona bi\u017cuteria i ozdoby do w\u0142os\u00f3w. \u015alubne wianki, grzebyki, opaski, ga\u0142\u0105zki do w\u0142os\u00f3w. Bi\u017cuteria z najwy\u017cszej jako\u015bci materia\u0142\u00f3w jubilerskich: bransoletki, kolczyki i wiele innych.\",\"breadcrumb\":{\"@id\":\"https:\/\/flowhandmade.pl\/index.php\/zwroty-i-zamowienia\/#breadcrumb\"},\"inLanguage\":\"pl-PL\",\"potentialAction\":[{\"@type\":\"ReadAction\",\"target\":[\"https:\/\/flowhandmade.pl\/index.php\/zwroty-i-zamowienia\/\"]}]},{\"@type\":\"BreadcrumbList\",\"@id\":\"https:\/\/flowhandmade.pl\/index.php\/zwroty-i-zamowienia\/#breadcrumb\",\"itemListElement\":[{\"@type\":\"ListItem\",\"position\":1,\"name\":\"Strona g\u0142\u00f3wna\",\"item\":\"https:\/\/flowhandmade.pl\/\"},{\"@type\":\"ListItem\",\"position\":2,\"name\":\"Zwroty i zam\u00f3wienia indywidualne\"}]},{\"@type\":\"WebSite\",\"@id\":\"https:\/\/flowhandmade.pl\/#website\",\"url\":\"https:\/\/flowhandmade.pl\/\",\"name\":\"Flow handmade accessories\",\"description\":\"Unikatowa r\u0119cznie robiona bi\u017cuteria \u015blubna, bi\u017cuteryjne \u015blubne ozdoby do w\u0142os\u00f3w; wianki, grzebyki, spinki, opaski, szpilki. Akcesoria \u015blubne.\",\"publisher\":{\"@id\":\"https:\/\/flowhandmade.pl\/#organization\"},\"potentialAction\":[{\"@type\":\"SearchAction\",\"target\":{\"@type\":\"EntryPoint\",\"urlTemplate\":\"https:\/\/flowhandmade.pl\/?s={search_term_string}\"},\"query-input\":{\"@type\":\"PropertyValueSpecification\",\"valueRequired\":true,\"valueName\":\"search_term_string\"}}],\"inLanguage\":\"pl-PL\"},{\"@type\":\"Organization\",\"@id\":\"https:\/\/flowhandmade.pl\/#organization\",\"name\":\"Flow Renata Rosi\u0144ska-Zasuwa\",\"url\":\"https:\/\/flowhandmade.pl\/\",\"logo\":{\"@type\":\"ImageObject\",\"inLanguage\":\"pl-PL\",\"@id\":\"https:\/\/flowhandmade.pl\/#\/schema\/logo\/image\/\",\"url\":\"https:\/\/flowhandmade.pl\/wp-content\/uploads\/2019\/12\/IMG_1800-07-12-19-06-49.jpg\",\"contentUrl\":\"https:\/\/flowhandmade.pl\/wp-content\/uploads\/2019\/12\/IMG_1800-07-12-19-06-49.jpg\",\"width\":2048,\"height\":2048,\"caption\":\"Flow Renata Rosi\u0144ska-Zasuwa\"},\"image\":{\"@id\":\"https:\/\/flowhandmade.pl\/#\/schema\/logo\/image\/\"},\"sameAs\":[\"https:\/\/pl-pl.facebook.com\/FlowAkcesoria\/\",\"https:\/\/www.instagram.com\/flow_handmade_accessories\"]}]}<\/script>\n<!-- \/ Yoast SEO plugin. -->","yoast_head_json":{"title":"Zwroty i zam\u00f3wienia indywidualne - \u015alubne ozdoby do w\u0142os\u00f3w i bi\u017cuteria \u015blubna","description":"Unikatowa, r\u0119cznie robiona bi\u017cuteria i ozdoby do w\u0142os\u00f3w. \u015alubne wianki, grzebyki, opaski, ga\u0142\u0105zki do w\u0142os\u00f3w. Bi\u017cuteria z najwy\u017cszej jako\u015bci materia\u0142\u00f3w jubilerskich: bransoletki, kolczyki i wiele innych.","robots":{"index":"index","follow":"follow","max-snippet":"max-snippet:-1","max-image-preview":"max-image-preview:large","max-video-preview":"max-video-preview:-1"},"canonical":"https:\/\/flowhandmade.pl\/index.php\/zwroty-i-zamowienia\/","og_locale":"pl_PL","og_type":"article","og_title":"Zwroty i zam\u00f3wienia indywidualne - \u015alubne ozdoby do w\u0142os\u00f3w i bi\u017cuteria \u015blubna","og_description":"Unikatowa, r\u0119cznie robiona bi\u017cuteria i ozdoby do w\u0142os\u00f3w. \u015alubne wianki, grzebyki, opaski, ga\u0142\u0105zki do w\u0142os\u00f3w. Bi\u017cuteria z najwy\u017cszej jako\u015bci materia\u0142\u00f3w jubilerskich: bransoletki, kolczyki i wiele innych.","og_url":"https:\/\/flowhandmade.pl\/index.php\/zwroty-i-zamowienia\/","og_site_name":"\u015alubne ozdoby do w\u0142os\u00f3w i bi\u017cuteria \u015blubna","article_publisher":"https:\/\/pl-pl.facebook.com\/FlowAkcesoria\/","article_modified_time":"2020-10-19T11:42:22+00:00","twitter_card":"summary_large_image","twitter_misc":{"Szacowany czas czytania":"3 minuty"},"schema":{"@context":"https:\/\/schema.org","@graph":[{"@type":"WebPage","@id":"https:\/\/flowhandmade.pl\/index.php\/zwroty-i-zamowienia\/","url":"https:\/\/flowhandmade.pl\/index.php\/zwroty-i-zamowienia\/","name":"Zwroty i zam\u00f3wienia indywidualne - \u015alubne ozdoby do w\u0142os\u00f3w i bi\u017cuteria \u015blubna","isPartOf":{"@id":"https:\/\/flowhandmade.pl\/#website"},"datePublished":"2018-11-06T14:17:10+00:00","dateModified":"2020-10-19T11:42:22+00:00","description":"Unikatowa, r\u0119cznie robiona bi\u017cuteria i ozdoby do w\u0142os\u00f3w. \u015alubne wianki, grzebyki, opaski, ga\u0142\u0105zki do w\u0142os\u00f3w. Bi\u017cuteria z najwy\u017cszej jako\u015bci materia\u0142\u00f3w jubilerskich: bransoletki, kolczyki i wiele innych.","breadcrumb":{"@id":"https:\/\/flowhandmade.pl\/index.php\/zwroty-i-zamowienia\/#breadcrumb"},"inLanguage":"pl-PL","potentialAction":[{"@type":"ReadAction","target":["https:\/\/flowhandmade.pl\/index.php\/zwroty-i-zamowienia\/"]}]},{"@type":"BreadcrumbList","@id":"https:\/\/flowhandmade.pl\/index.php\/zwroty-i-zamowienia\/#breadcrumb","itemListElement":[{"@type":"ListItem","position":1,"name":"Strona g\u0142\u00f3wna","item":"https:\/\/flowhandmade.pl\/"},{"@type":"ListItem","position":2,"name":"Zwroty i zam\u00f3wienia indywidualne"}]},{"@type":"WebSite","@id":"https:\/\/flowhandmade.pl\/#website","url":"https:\/\/flowhandmade.pl\/","name":"Flow handmade accessories","description":"Unikatowa r\u0119cznie robiona bi\u017cuteria \u015blubna, bi\u017cuteryjne \u015blubne ozdoby do w\u0142os\u00f3w; wianki, grzebyki, spinki, opaski, szpilki. Akcesoria \u015blubne.","publisher":{"@id":"https:\/\/flowhandmade.pl\/#organization"},"potentialAction":[{"@type":"SearchAction","target":{"@type":"EntryPoint","urlTemplate":"https:\/\/flowhandmade.pl\/?s={search_term_string}"},"query-input":{"@type":"PropertyValueSpecification","valueRequired":true,"valueName":"search_term_string"}}],"inLanguage":"pl-PL"},{"@type":"Organization","@id":"https:\/\/flowhandmade.pl\/#organization","name":"Flow Renata Rosi\u0144ska-Zasuwa","url":"https:\/\/flowhandmade.pl\/","logo":{"@type":"ImageObject","inLanguage":"pl-PL","@id":"https:\/\/flowhandmade.pl\/#\/schema\/logo\/image\/","url":"https:\/\/flowhandmade.pl\/wp-content\/uploads\/2019\/12\/IMG_1800-07-12-19-06-49.jpg","contentUrl":"https:\/\/flowhandmade.pl\/wp-content\/uploads\/2019\/12\/IMG_1800-07-12-19-06-49.jpg","width":2048,"height":2048,"caption":"Flow Renata Rosi\u0144ska-Zasuwa"},"image":{"@id":"https:\/\/flowhandmade.pl\/#\/schema\/logo\/image\/"},"sameAs":["https:\/\/pl-pl.facebook.com\/FlowAkcesoria\/","https:\/\/www.instagram.com\/flow_handmade_accessories"]}]}},"_links":{"self":[{"href":"https:\/\/flowhandmade.pl\/index.php\/wp-json\/wp\/v2\/pages\/48","targetHints":{"allow":["GET"]}}],"collection":[{"href":"https:\/\/flowhandmade.pl\/index.php\/wp-json\/wp\/v2\/pages"}],"about":[{"href":"https:\/\/flowhandmade.pl\/index.php\/wp-json\/wp\/v2\/types\/page"}],"author":[{"embeddable":true,"href":"https:\/\/flowhandmade.pl\/index.php\/wp-json\/wp\/v2\/users\/1"}],"replies":[{"embeddable":true,"href":"https:\/\/flowhandmade.pl\/index.php\/wp-json\/wp\/v2\/comments?post=48"}],"version-history":[{"count":3,"href":"https:\/\/flowhandmade.pl\/index.php\/wp-json\/wp\/v2\/pages\/48\/revisions"}],"predecessor-version":[{"id":978,"href":"https:\/\/flowhandmade.pl\/index.php\/wp-json\/wp\/v2\/pages\/48\/revisions\/978"}],"wp:attachment":[{"href":"https:\/\/flowhandmade.pl\/index.php\/wp-json\/wp\/v2\/media?parent=48"}],"curies":[{"name":"wp","href":"https:\/\/api.w.org\/{rel}","templated":true}]}}