{"id":46,"date":"2018-11-06T15:17:01","date_gmt":"2018-11-06T14:17:01","guid":{"rendered":"https:\/\/flowhandmade.pl\/wordpress\/?page_id=46"},"modified":"2025-01-25T15:07:10","modified_gmt":"2025-01-25T14:07:10","slug":"platnosci","status":"publish","type":"page","link":"https:\/\/flowhandmade.pl\/index.php\/platnosci\/","title":{"rendered":"P\u0142atno\u015bci"},"content":{"rendered":"<p><strong style=\"font-style: inherit;\"><span style=\"font-style: inherit; font-weight: inherit;\">Przelew Bankowy<\/span><\/strong><\/p>\n<p><span style=\"font-style: inherit; font-weight: inherit;\">Dokonaj tradycyjnego przelewu na poni\u017csze konto:<\/span><\/p>\n<p><span style=\"font-style: inherit; font-weight: inherit;\">Renata Rosi\u0144ska &#8211; Zasuwa<\/span><\/p>\n<p><span style=\"font-style: inherit; font-weight: inherit;\">35124027281111001072049306<\/span><\/p>\n<p><strong style=\"font-style: inherit;\">Odbi\u00f3r osobisty<\/strong><\/p>\n<p><span style=\"font-style: inherit; font-weight: inherit;\">Wcze\u015bniejszy przelew tradycyjny na konto bankowe.<\/span><\/p>\n<p><strong style=\"font-style: inherit;\">P\u0142atno\u015b\u0107 za pobraniem<\/strong><\/p>\n<p>POCZTA POLSKA &#8211; paczka pocztowa<\/p>\n<p><strong style=\"font-style: inherit;\">Przelew elektroniczny online<\/strong><\/p>\n<p>Podmiotem \u015bwiadcz\u0105cym obs\u0142ug\u0119 p\u0142atno\u015bci online jest Przelewy24 (PayPro SA)<\/p>\n","protected":false},"excerpt":{"rendered":"<p>Przelew Bankowy Dokonaj tradycyjnego przelewu na poni\u017csze konto: Renata Rosi\u0144ska &#8211; Zasuwa 35124027281111001072049306 Odbi\u00f3r osobisty Wcze\u015bniejszy przelew tradycyjny na konto bankowe. P\u0142atno\u015b\u0107 za pobraniem POCZTA POLSKA &#8211; paczka pocztowa Przelew elektroniczny online Podmiotem \u015bwiadcz\u0105cym obs\u0142ug\u0119 p\u0142atno\u015bci online jest Przelewy24 (PayPro SA)<\/p>\n","protected":false},"author":1,"featured_media":0,"parent":0,"menu_order":0,"comment_status":"closed","ping_status":"closed","template":"template-fullwidth.php","meta":{"footnotes":""},"class_list":["post-46","page","type-page","status-publish","hentry"],"yoast_head":"<!-- This site is optimized with the Yoast SEO plugin v27.0 - https:\/\/yoast.com\/product\/yoast-seo-wordpress\/ -->\n<title>P\u0142atno\u015bci - \u015alubne ozdoby do w\u0142os\u00f3w i bi\u017cuteria \u015blubna<\/title>\n<meta name=\"description\" content=\"Unikatowa, r\u0119cznie robiona bi\u017cuteria i ozdoby do w\u0142os\u00f3w. \u015alubne wianki, grzebyki, opaski, ga\u0142\u0105zki do w\u0142os\u00f3w. Bi\u017cuteria z najwy\u017cszej jako\u015bci materia\u0142\u00f3w jubilerskich: bransoletki, kolczyki i wiele innych.\" \/>\n<meta name=\"robots\" content=\"index, follow, max-snippet:-1, max-image-preview:large, max-video-preview:-1\" \/>\n<link rel=\"canonical\" href=\"https:\/\/flowhandmade.pl\/index.php\/platnosci\/\" \/>\n<meta property=\"og:locale\" content=\"pl_PL\" \/>\n<meta property=\"og:type\" content=\"article\" \/>\n<meta property=\"og:title\" content=\"P\u0142atno\u015bci - \u015alubne ozdoby do w\u0142os\u00f3w i bi\u017cuteria \u015blubna\" \/>\n<meta property=\"og:description\" content=\"Unikatowa, r\u0119cznie robiona bi\u017cuteria i ozdoby do w\u0142os\u00f3w. \u015alubne wianki, grzebyki, opaski, ga\u0142\u0105zki do w\u0142os\u00f3w. Bi\u017cuteria z najwy\u017cszej jako\u015bci materia\u0142\u00f3w jubilerskich: bransoletki, kolczyki i wiele innych.\" \/>\n<meta property=\"og:url\" content=\"https:\/\/flowhandmade.pl\/index.php\/platnosci\/\" \/>\n<meta property=\"og:site_name\" content=\"\u015alubne ozdoby do w\u0142os\u00f3w i bi\u017cuteria \u015blubna\" \/>\n<meta property=\"article:publisher\" content=\"https:\/\/pl-pl.facebook.com\/FlowAkcesoria\/\" \/>\n<meta property=\"article:modified_time\" content=\"2025-01-25T14:07:10+00:00\" \/>\n<meta name=\"twitter:card\" content=\"summary_large_image\" \/>\n<meta name=\"twitter:label1\" content=\"Szacowany czas czytania\" \/>\n\t<meta name=\"twitter:data1\" content=\"1 minuta\" \/>\n<script type=\"application\/ld+json\" class=\"yoast-schema-graph\">{\"@context\":\"https:\/\/schema.org\",\"@graph\":[{\"@type\":\"WebPage\",\"@id\":\"https:\/\/flowhandmade.pl\/index.php\/platnosci\/\",\"url\":\"https:\/\/flowhandmade.pl\/index.php\/platnosci\/\",\"name\":\"P\u0142atno\u015bci - \u015alubne ozdoby do w\u0142os\u00f3w i bi\u017cuteria \u015blubna\",\"isPartOf\":{\"@id\":\"https:\/\/flowhandmade.pl\/#website\"},\"datePublished\":\"2018-11-06T14:17:01+00:00\",\"dateModified\":\"2025-01-25T14:07:10+00:00\",\"description\":\"Unikatowa, r\u0119cznie robiona bi\u017cuteria i ozdoby do w\u0142os\u00f3w. \u015alubne wianki, grzebyki, opaski, ga\u0142\u0105zki do w\u0142os\u00f3w. Bi\u017cuteria z najwy\u017cszej jako\u015bci materia\u0142\u00f3w jubilerskich: bransoletki, kolczyki i wiele innych.\",\"breadcrumb\":{\"@id\":\"https:\/\/flowhandmade.pl\/index.php\/platnosci\/#breadcrumb\"},\"inLanguage\":\"pl-PL\",\"potentialAction\":[{\"@type\":\"ReadAction\",\"target\":[\"https:\/\/flowhandmade.pl\/index.php\/platnosci\/\"]}]},{\"@type\":\"BreadcrumbList\",\"@id\":\"https:\/\/flowhandmade.pl\/index.php\/platnosci\/#breadcrumb\",\"itemListElement\":[{\"@type\":\"ListItem\",\"position\":1,\"name\":\"Strona g\u0142\u00f3wna\",\"item\":\"https:\/\/flowhandmade.pl\/\"},{\"@type\":\"ListItem\",\"position\":2,\"name\":\"P\u0142atno\u015bci\"}]},{\"@type\":\"WebSite\",\"@id\":\"https:\/\/flowhandmade.pl\/#website\",\"url\":\"https:\/\/flowhandmade.pl\/\",\"name\":\"Flow handmade accessories\",\"description\":\"Unikatowa r\u0119cznie robiona bi\u017cuteria \u015blubna, bi\u017cuteryjne \u015blubne ozdoby do w\u0142os\u00f3w; wianki, grzebyki, spinki, opaski, szpilki. Akcesoria \u015blubne.\",\"publisher\":{\"@id\":\"https:\/\/flowhandmade.pl\/#organization\"},\"potentialAction\":[{\"@type\":\"SearchAction\",\"target\":{\"@type\":\"EntryPoint\",\"urlTemplate\":\"https:\/\/flowhandmade.pl\/?s={search_term_string}\"},\"query-input\":{\"@type\":\"PropertyValueSpecification\",\"valueRequired\":true,\"valueName\":\"search_term_string\"}}],\"inLanguage\":\"pl-PL\"},{\"@type\":\"Organization\",\"@id\":\"https:\/\/flowhandmade.pl\/#organization\",\"name\":\"Flow Renata Rosi\u0144ska-Zasuwa\",\"url\":\"https:\/\/flowhandmade.pl\/\",\"logo\":{\"@type\":\"ImageObject\",\"inLanguage\":\"pl-PL\",\"@id\":\"https:\/\/flowhandmade.pl\/#\/schema\/logo\/image\/\",\"url\":\"https:\/\/flowhandmade.pl\/wp-content\/uploads\/2019\/12\/IMG_1800-07-12-19-06-49.jpg\",\"contentUrl\":\"https:\/\/flowhandmade.pl\/wp-content\/uploads\/2019\/12\/IMG_1800-07-12-19-06-49.jpg\",\"width\":2048,\"height\":2048,\"caption\":\"Flow Renata Rosi\u0144ska-Zasuwa\"},\"image\":{\"@id\":\"https:\/\/flowhandmade.pl\/#\/schema\/logo\/image\/\"},\"sameAs\":[\"https:\/\/pl-pl.facebook.com\/FlowAkcesoria\/\",\"https:\/\/www.instagram.com\/flow_handmade_accessories\"]}]}<\/script>\n<!-- \/ Yoast SEO plugin. -->","yoast_head_json":{"title":"P\u0142atno\u015bci - \u015alubne ozdoby do w\u0142os\u00f3w i bi\u017cuteria \u015blubna","description":"Unikatowa, r\u0119cznie robiona bi\u017cuteria i ozdoby do w\u0142os\u00f3w. \u015alubne wianki, grzebyki, opaski, ga\u0142\u0105zki do w\u0142os\u00f3w. Bi\u017cuteria z najwy\u017cszej jako\u015bci materia\u0142\u00f3w jubilerskich: bransoletki, kolczyki i wiele innych.","robots":{"index":"index","follow":"follow","max-snippet":"max-snippet:-1","max-image-preview":"max-image-preview:large","max-video-preview":"max-video-preview:-1"},"canonical":"https:\/\/flowhandmade.pl\/index.php\/platnosci\/","og_locale":"pl_PL","og_type":"article","og_title":"P\u0142atno\u015bci - \u015alubne ozdoby do w\u0142os\u00f3w i bi\u017cuteria \u015blubna","og_description":"Unikatowa, r\u0119cznie robiona bi\u017cuteria i ozdoby do w\u0142os\u00f3w. \u015alubne wianki, grzebyki, opaski, ga\u0142\u0105zki do w\u0142os\u00f3w. Bi\u017cuteria z najwy\u017cszej jako\u015bci materia\u0142\u00f3w jubilerskich: bransoletki, kolczyki i wiele innych.","og_url":"https:\/\/flowhandmade.pl\/index.php\/platnosci\/","og_site_name":"\u015alubne ozdoby do w\u0142os\u00f3w i bi\u017cuteria \u015blubna","article_publisher":"https:\/\/pl-pl.facebook.com\/FlowAkcesoria\/","article_modified_time":"2025-01-25T14:07:10+00:00","twitter_card":"summary_large_image","twitter_misc":{"Szacowany czas czytania":"1 minuta"},"schema":{"@context":"https:\/\/schema.org","@graph":[{"@type":"WebPage","@id":"https:\/\/flowhandmade.pl\/index.php\/platnosci\/","url":"https:\/\/flowhandmade.pl\/index.php\/platnosci\/","name":"P\u0142atno\u015bci - \u015alubne ozdoby do w\u0142os\u00f3w i bi\u017cuteria \u015blubna","isPartOf":{"@id":"https:\/\/flowhandmade.pl\/#website"},"datePublished":"2018-11-06T14:17:01+00:00","dateModified":"2025-01-25T14:07:10+00:00","description":"Unikatowa, r\u0119cznie robiona bi\u017cuteria i ozdoby do w\u0142os\u00f3w. \u015alubne wianki, grzebyki, opaski, ga\u0142\u0105zki do w\u0142os\u00f3w. Bi\u017cuteria z najwy\u017cszej jako\u015bci materia\u0142\u00f3w jubilerskich: bransoletki, kolczyki i wiele innych.","breadcrumb":{"@id":"https:\/\/flowhandmade.pl\/index.php\/platnosci\/#breadcrumb"},"inLanguage":"pl-PL","potentialAction":[{"@type":"ReadAction","target":["https:\/\/flowhandmade.pl\/index.php\/platnosci\/"]}]},{"@type":"BreadcrumbList","@id":"https:\/\/flowhandmade.pl\/index.php\/platnosci\/#breadcrumb","itemListElement":[{"@type":"ListItem","position":1,"name":"Strona g\u0142\u00f3wna","item":"https:\/\/flowhandmade.pl\/"},{"@type":"ListItem","position":2,"name":"P\u0142atno\u015bci"}]},{"@type":"WebSite","@id":"https:\/\/flowhandmade.pl\/#website","url":"https:\/\/flowhandmade.pl\/","name":"Flow handmade accessories","description":"Unikatowa r\u0119cznie robiona bi\u017cuteria \u015blubna, bi\u017cuteryjne \u015blubne ozdoby do w\u0142os\u00f3w; wianki, grzebyki, spinki, opaski, szpilki. Akcesoria \u015blubne.","publisher":{"@id":"https:\/\/flowhandmade.pl\/#organization"},"potentialAction":[{"@type":"SearchAction","target":{"@type":"EntryPoint","urlTemplate":"https:\/\/flowhandmade.pl\/?s={search_term_string}"},"query-input":{"@type":"PropertyValueSpecification","valueRequired":true,"valueName":"search_term_string"}}],"inLanguage":"pl-PL"},{"@type":"Organization","@id":"https:\/\/flowhandmade.pl\/#organization","name":"Flow Renata Rosi\u0144ska-Zasuwa","url":"https:\/\/flowhandmade.pl\/","logo":{"@type":"ImageObject","inLanguage":"pl-PL","@id":"https:\/\/flowhandmade.pl\/#\/schema\/logo\/image\/","url":"https:\/\/flowhandmade.pl\/wp-content\/uploads\/2019\/12\/IMG_1800-07-12-19-06-49.jpg","contentUrl":"https:\/\/flowhandmade.pl\/wp-content\/uploads\/2019\/12\/IMG_1800-07-12-19-06-49.jpg","width":2048,"height":2048,"caption":"Flow Renata Rosi\u0144ska-Zasuwa"},"image":{"@id":"https:\/\/flowhandmade.pl\/#\/schema\/logo\/image\/"},"sameAs":["https:\/\/pl-pl.facebook.com\/FlowAkcesoria\/","https:\/\/www.instagram.com\/flow_handmade_accessories"]}]}},"_links":{"self":[{"href":"https:\/\/flowhandmade.pl\/index.php\/wp-json\/wp\/v2\/pages\/46","targetHints":{"allow":["GET"]}}],"collection":[{"href":"https:\/\/flowhandmade.pl\/index.php\/wp-json\/wp\/v2\/pages"}],"about":[{"href":"https:\/\/flowhandmade.pl\/index.php\/wp-json\/wp\/v2\/types\/page"}],"author":[{"embeddable":true,"href":"https:\/\/flowhandmade.pl\/index.php\/wp-json\/wp\/v2\/users\/1"}],"replies":[{"embeddable":true,"href":"https:\/\/flowhandmade.pl\/index.php\/wp-json\/wp\/v2\/comments?post=46"}],"version-history":[{"count":5,"href":"https:\/\/flowhandmade.pl\/index.php\/wp-json\/wp\/v2\/pages\/46\/revisions"}],"predecessor-version":[{"id":1832,"href":"https:\/\/flowhandmade.pl\/index.php\/wp-json\/wp\/v2\/pages\/46\/revisions\/1832"}],"wp:attachment":[{"href":"https:\/\/flowhandmade.pl\/index.php\/wp-json\/wp\/v2\/media?parent=46"}],"curies":[{"name":"wp","href":"https:\/\/api.w.org\/{rel}","templated":true}]}}