{"id":42,"date":"2018-11-06T15:16:42","date_gmt":"2018-11-06T14:16:42","guid":{"rendered":"https:\/\/flowhandmade.pl\/wordpress\/?page_id=42"},"modified":"2025-02-01T13:28:24","modified_gmt":"2025-02-01T12:28:24","slug":"dostawa","status":"publish","type":"page","link":"https:\/\/flowhandmade.pl\/index.php\/dostawa\/","title":{"rendered":"Dostawa"},"content":{"rendered":"<p>Realizacja i wysy\u0142ka zam\u00f3wienia nast\u0119puje w dni robocze.<\/p>\n<p>Zam\u00f3wienia sk\u0142adane w soboty, niedziele i \u015bwi\u0119ta realizowane s\u0105 pierwszego kolejnego dnia roboczego.<\/p>\n<p>Przesy\u0142ki nadawane s\u0105 za po\u015brednictwem firmy kurierskiej b\u0105d\u017a Poczty Polskiej.<\/p>\n<p>Istnieje mo\u017cliwo\u015b\u0107 odbioru osobistego po wcze\u015bniejszej przedp\u0142acie na konto. W tej sprawie prosimy o kontakt mailowy: <a href=\"https:\/\/flowhandmade.pl\/index.php\/kontakt-z-nami\/\">sklep@flowhandmade.pl<\/a><\/p>\n<p>Do warto\u015bci zam\u00f3wienia doliczana jest op\u0142ata za dostaw\u0119.<\/p>\n<p>POCZTA POLSKA<\/p>\n<p>Paczka pocztowa\u00a0 &#8211; 17.00 z\u0142<\/p>\n<p>INPOST<\/p>\n<p>Paczkomat INPOST &#8211; 17,00 z\u0142<\/p>\n<p>Kurier INPOST &#8211; 20,00 z\u0142<\/p>\n","protected":false},"excerpt":{"rendered":"<p>Realizacja i wysy\u0142ka zam\u00f3wienia nast\u0119puje w dni robocze. Zam\u00f3wienia sk\u0142adane w soboty, niedziele i \u015bwi\u0119ta realizowane s\u0105 pierwszego kolejnego dnia roboczego. Przesy\u0142ki nadawane s\u0105 za po\u015brednictwem firmy kurierskiej b\u0105d\u017a Poczty Polskiej. Istnieje mo\u017cliwo\u015b\u0107 odbioru osobistego po wcze\u015bniejszej przedp\u0142acie na konto. W tej sprawie prosimy o kontakt mailowy: sklep@flowhandmade.pl Do warto\u015bci zam\u00f3wienia doliczana jest op\u0142ata za [&hellip;]<\/p>\n","protected":false},"author":1,"featured_media":0,"parent":0,"menu_order":0,"comment_status":"closed","ping_status":"closed","template":"template-fullwidth.php","meta":{"footnotes":""},"class_list":["post-42","page","type-page","status-publish","hentry"],"yoast_head":"<!-- This site is optimized with the Yoast SEO plugin v27.0 - https:\/\/yoast.com\/product\/yoast-seo-wordpress\/ -->\n<title>Dostawa - \u015alubne ozdoby do w\u0142os\u00f3w i bi\u017cuteria \u015blubna<\/title>\n<meta name=\"description\" content=\"Unikatowa, r\u0119cznie robiona bi\u017cuteria i ozdoby do w\u0142os\u00f3w. \u015alubne wianki, grzebyki, opaski, ga\u0142\u0105zki do w\u0142os\u00f3w. Bi\u017cuteria z najwy\u017cszej jako\u015bci materia\u0142\u00f3w jubilerskich: bransoletki, kolczyki i wiele innych.\" \/>\n<meta name=\"robots\" content=\"index, follow, max-snippet:-1, max-image-preview:large, max-video-preview:-1\" \/>\n<link rel=\"canonical\" href=\"https:\/\/flowhandmade.pl\/index.php\/dostawa\/\" \/>\n<meta property=\"og:locale\" content=\"pl_PL\" \/>\n<meta property=\"og:type\" content=\"article\" \/>\n<meta property=\"og:title\" content=\"Dostawa - \u015alubne ozdoby do w\u0142os\u00f3w i bi\u017cuteria \u015blubna\" \/>\n<meta property=\"og:description\" content=\"Unikatowa, r\u0119cznie robiona bi\u017cuteria i ozdoby do w\u0142os\u00f3w. \u015alubne wianki, grzebyki, opaski, ga\u0142\u0105zki do w\u0142os\u00f3w. Bi\u017cuteria z najwy\u017cszej jako\u015bci materia\u0142\u00f3w jubilerskich: bransoletki, kolczyki i wiele innych.\" \/>\n<meta property=\"og:url\" content=\"https:\/\/flowhandmade.pl\/index.php\/dostawa\/\" \/>\n<meta property=\"og:site_name\" content=\"\u015alubne ozdoby do w\u0142os\u00f3w i bi\u017cuteria \u015blubna\" \/>\n<meta property=\"article:publisher\" content=\"https:\/\/pl-pl.facebook.com\/FlowAkcesoria\/\" \/>\n<meta property=\"article:modified_time\" content=\"2025-02-01T12:28:24+00:00\" \/>\n<meta name=\"twitter:card\" content=\"summary_large_image\" \/>\n<meta name=\"twitter:label1\" content=\"Szacowany czas czytania\" \/>\n\t<meta name=\"twitter:data1\" content=\"1 minuta\" \/>\n<script type=\"application\/ld+json\" class=\"yoast-schema-graph\">{\"@context\":\"https:\/\/schema.org\",\"@graph\":[{\"@type\":\"WebPage\",\"@id\":\"https:\/\/flowhandmade.pl\/index.php\/dostawa\/\",\"url\":\"https:\/\/flowhandmade.pl\/index.php\/dostawa\/\",\"name\":\"Dostawa - \u015alubne ozdoby do w\u0142os\u00f3w i bi\u017cuteria \u015blubna\",\"isPartOf\":{\"@id\":\"https:\/\/flowhandmade.pl\/#website\"},\"datePublished\":\"2018-11-06T14:16:42+00:00\",\"dateModified\":\"2025-02-01T12:28:24+00:00\",\"description\":\"Unikatowa, r\u0119cznie robiona bi\u017cuteria i ozdoby do w\u0142os\u00f3w. \u015alubne wianki, grzebyki, opaski, ga\u0142\u0105zki do w\u0142os\u00f3w. Bi\u017cuteria z najwy\u017cszej jako\u015bci materia\u0142\u00f3w jubilerskich: bransoletki, kolczyki i wiele innych.\",\"breadcrumb\":{\"@id\":\"https:\/\/flowhandmade.pl\/index.php\/dostawa\/#breadcrumb\"},\"inLanguage\":\"pl-PL\",\"potentialAction\":[{\"@type\":\"ReadAction\",\"target\":[\"https:\/\/flowhandmade.pl\/index.php\/dostawa\/\"]}]},{\"@type\":\"BreadcrumbList\",\"@id\":\"https:\/\/flowhandmade.pl\/index.php\/dostawa\/#breadcrumb\",\"itemListElement\":[{\"@type\":\"ListItem\",\"position\":1,\"name\":\"Strona g\u0142\u00f3wna\",\"item\":\"https:\/\/flowhandmade.pl\/\"},{\"@type\":\"ListItem\",\"position\":2,\"name\":\"Dostawa\"}]},{\"@type\":\"WebSite\",\"@id\":\"https:\/\/flowhandmade.pl\/#website\",\"url\":\"https:\/\/flowhandmade.pl\/\",\"name\":\"Flow handmade accessories\",\"description\":\"Unikatowa r\u0119cznie robiona bi\u017cuteria \u015blubna, bi\u017cuteryjne \u015blubne ozdoby do w\u0142os\u00f3w; wianki, grzebyki, spinki, opaski, szpilki. Akcesoria \u015blubne.\",\"publisher\":{\"@id\":\"https:\/\/flowhandmade.pl\/#organization\"},\"potentialAction\":[{\"@type\":\"SearchAction\",\"target\":{\"@type\":\"EntryPoint\",\"urlTemplate\":\"https:\/\/flowhandmade.pl\/?s={search_term_string}\"},\"query-input\":{\"@type\":\"PropertyValueSpecification\",\"valueRequired\":true,\"valueName\":\"search_term_string\"}}],\"inLanguage\":\"pl-PL\"},{\"@type\":\"Organization\",\"@id\":\"https:\/\/flowhandmade.pl\/#organization\",\"name\":\"Flow Renata Rosi\u0144ska-Zasuwa\",\"url\":\"https:\/\/flowhandmade.pl\/\",\"logo\":{\"@type\":\"ImageObject\",\"inLanguage\":\"pl-PL\",\"@id\":\"https:\/\/flowhandmade.pl\/#\/schema\/logo\/image\/\",\"url\":\"https:\/\/flowhandmade.pl\/wp-content\/uploads\/2019\/12\/IMG_1800-07-12-19-06-49.jpg\",\"contentUrl\":\"https:\/\/flowhandmade.pl\/wp-content\/uploads\/2019\/12\/IMG_1800-07-12-19-06-49.jpg\",\"width\":2048,\"height\":2048,\"caption\":\"Flow Renata Rosi\u0144ska-Zasuwa\"},\"image\":{\"@id\":\"https:\/\/flowhandmade.pl\/#\/schema\/logo\/image\/\"},\"sameAs\":[\"https:\/\/pl-pl.facebook.com\/FlowAkcesoria\/\",\"https:\/\/www.instagram.com\/flow_handmade_accessories\"]}]}<\/script>\n<!-- \/ Yoast SEO plugin. -->","yoast_head_json":{"title":"Dostawa - \u015alubne ozdoby do w\u0142os\u00f3w i bi\u017cuteria \u015blubna","description":"Unikatowa, r\u0119cznie robiona bi\u017cuteria i ozdoby do w\u0142os\u00f3w. \u015alubne wianki, grzebyki, opaski, ga\u0142\u0105zki do w\u0142os\u00f3w. Bi\u017cuteria z najwy\u017cszej jako\u015bci materia\u0142\u00f3w jubilerskich: bransoletki, kolczyki i wiele innych.","robots":{"index":"index","follow":"follow","max-snippet":"max-snippet:-1","max-image-preview":"max-image-preview:large","max-video-preview":"max-video-preview:-1"},"canonical":"https:\/\/flowhandmade.pl\/index.php\/dostawa\/","og_locale":"pl_PL","og_type":"article","og_title":"Dostawa - \u015alubne ozdoby do w\u0142os\u00f3w i bi\u017cuteria \u015blubna","og_description":"Unikatowa, r\u0119cznie robiona bi\u017cuteria i ozdoby do w\u0142os\u00f3w. \u015alubne wianki, grzebyki, opaski, ga\u0142\u0105zki do w\u0142os\u00f3w. Bi\u017cuteria z najwy\u017cszej jako\u015bci materia\u0142\u00f3w jubilerskich: bransoletki, kolczyki i wiele innych.","og_url":"https:\/\/flowhandmade.pl\/index.php\/dostawa\/","og_site_name":"\u015alubne ozdoby do w\u0142os\u00f3w i bi\u017cuteria \u015blubna","article_publisher":"https:\/\/pl-pl.facebook.com\/FlowAkcesoria\/","article_modified_time":"2025-02-01T12:28:24+00:00","twitter_card":"summary_large_image","twitter_misc":{"Szacowany czas czytania":"1 minuta"},"schema":{"@context":"https:\/\/schema.org","@graph":[{"@type":"WebPage","@id":"https:\/\/flowhandmade.pl\/index.php\/dostawa\/","url":"https:\/\/flowhandmade.pl\/index.php\/dostawa\/","name":"Dostawa - \u015alubne ozdoby do w\u0142os\u00f3w i bi\u017cuteria \u015blubna","isPartOf":{"@id":"https:\/\/flowhandmade.pl\/#website"},"datePublished":"2018-11-06T14:16:42+00:00","dateModified":"2025-02-01T12:28:24+00:00","description":"Unikatowa, r\u0119cznie robiona bi\u017cuteria i ozdoby do w\u0142os\u00f3w. \u015alubne wianki, grzebyki, opaski, ga\u0142\u0105zki do w\u0142os\u00f3w. Bi\u017cuteria z najwy\u017cszej jako\u015bci materia\u0142\u00f3w jubilerskich: bransoletki, kolczyki i wiele innych.","breadcrumb":{"@id":"https:\/\/flowhandmade.pl\/index.php\/dostawa\/#breadcrumb"},"inLanguage":"pl-PL","potentialAction":[{"@type":"ReadAction","target":["https:\/\/flowhandmade.pl\/index.php\/dostawa\/"]}]},{"@type":"BreadcrumbList","@id":"https:\/\/flowhandmade.pl\/index.php\/dostawa\/#breadcrumb","itemListElement":[{"@type":"ListItem","position":1,"name":"Strona g\u0142\u00f3wna","item":"https:\/\/flowhandmade.pl\/"},{"@type":"ListItem","position":2,"name":"Dostawa"}]},{"@type":"WebSite","@id":"https:\/\/flowhandmade.pl\/#website","url":"https:\/\/flowhandmade.pl\/","name":"Flow handmade accessories","description":"Unikatowa r\u0119cznie robiona bi\u017cuteria \u015blubna, bi\u017cuteryjne \u015blubne ozdoby do w\u0142os\u00f3w; wianki, grzebyki, spinki, opaski, szpilki. Akcesoria \u015blubne.","publisher":{"@id":"https:\/\/flowhandmade.pl\/#organization"},"potentialAction":[{"@type":"SearchAction","target":{"@type":"EntryPoint","urlTemplate":"https:\/\/flowhandmade.pl\/?s={search_term_string}"},"query-input":{"@type":"PropertyValueSpecification","valueRequired":true,"valueName":"search_term_string"}}],"inLanguage":"pl-PL"},{"@type":"Organization","@id":"https:\/\/flowhandmade.pl\/#organization","name":"Flow Renata Rosi\u0144ska-Zasuwa","url":"https:\/\/flowhandmade.pl\/","logo":{"@type":"ImageObject","inLanguage":"pl-PL","@id":"https:\/\/flowhandmade.pl\/#\/schema\/logo\/image\/","url":"https:\/\/flowhandmade.pl\/wp-content\/uploads\/2019\/12\/IMG_1800-07-12-19-06-49.jpg","contentUrl":"https:\/\/flowhandmade.pl\/wp-content\/uploads\/2019\/12\/IMG_1800-07-12-19-06-49.jpg","width":2048,"height":2048,"caption":"Flow Renata Rosi\u0144ska-Zasuwa"},"image":{"@id":"https:\/\/flowhandmade.pl\/#\/schema\/logo\/image\/"},"sameAs":["https:\/\/pl-pl.facebook.com\/FlowAkcesoria\/","https:\/\/www.instagram.com\/flow_handmade_accessories"]}]}},"_links":{"self":[{"href":"https:\/\/flowhandmade.pl\/index.php\/wp-json\/wp\/v2\/pages\/42","targetHints":{"allow":["GET"]}}],"collection":[{"href":"https:\/\/flowhandmade.pl\/index.php\/wp-json\/wp\/v2\/pages"}],"about":[{"href":"https:\/\/flowhandmade.pl\/index.php\/wp-json\/wp\/v2\/types\/page"}],"author":[{"embeddable":true,"href":"https:\/\/flowhandmade.pl\/index.php\/wp-json\/wp\/v2\/users\/1"}],"replies":[{"embeddable":true,"href":"https:\/\/flowhandmade.pl\/index.php\/wp-json\/wp\/v2\/comments?post=42"}],"version-history":[{"count":8,"href":"https:\/\/flowhandmade.pl\/index.php\/wp-json\/wp\/v2\/pages\/42\/revisions"}],"predecessor-version":[{"id":1843,"href":"https:\/\/flowhandmade.pl\/index.php\/wp-json\/wp\/v2\/pages\/42\/revisions\/1843"}],"wp:attachment":[{"href":"https:\/\/flowhandmade.pl\/index.php\/wp-json\/wp\/v2\/media?parent=42"}],"curies":[{"name":"wp","href":"https:\/\/api.w.org\/{rel}","templated":true}]}}