{"id":31,"date":"2018-11-06T15:11:26","date_gmt":"2018-11-06T14:11:26","guid":{"rendered":"https:\/\/flowhandmade.pl\/wordpress\/?page_id=31"},"modified":"2018-11-06T17:48:26","modified_gmt":"2018-11-06T16:48:26","slug":"faq","status":"publish","type":"page","link":"https:\/\/flowhandmade.pl\/index.php\/faq\/","title":{"rendered":"FAQ"},"content":{"rendered":"","protected":false},"excerpt":{"rendered":"","protected":false},"author":1,"featured_media":0,"parent":0,"menu_order":0,"comment_status":"closed","ping_status":"closed","template":"template-fullwidth.php","meta":{"footnotes":""},"class_list":["post-31","page","type-page","status-publish","hentry"],"yoast_head":"<!-- This site is optimized with the Yoast SEO plugin v27.0 - https:\/\/yoast.com\/product\/yoast-seo-wordpress\/ -->\n<title>FAQ - \u015alubne ozdoby do w\u0142os\u00f3w i bi\u017cuteria \u015blubna<\/title>\n<meta name=\"description\" content=\"Unikatowa, r\u0119cznie robiona bi\u017cuteria i ozdoby do w\u0142os\u00f3w. \u015alubne wianki, grzebyki, opaski, ga\u0142\u0105zki do w\u0142os\u00f3w. Bi\u017cuteria z najwy\u017cszej jako\u015bci materia\u0142\u00f3w jubilerskich: bransoletki, kolczyki i wiele innych.\" \/>\n<meta name=\"robots\" content=\"index, follow, max-snippet:-1, max-image-preview:large, max-video-preview:-1\" \/>\n<link rel=\"canonical\" href=\"https:\/\/flowhandmade.pl\/index.php\/faq\/\" \/>\n<meta property=\"og:locale\" content=\"pl_PL\" \/>\n<meta property=\"og:type\" content=\"article\" \/>\n<meta property=\"og:title\" content=\"FAQ - \u015alubne ozdoby do w\u0142os\u00f3w i bi\u017cuteria \u015blubna\" \/>\n<meta property=\"og:description\" content=\"Unikatowa, r\u0119cznie robiona bi\u017cuteria i ozdoby do w\u0142os\u00f3w. \u015alubne wianki, grzebyki, opaski, ga\u0142\u0105zki do w\u0142os\u00f3w. Bi\u017cuteria z najwy\u017cszej jako\u015bci materia\u0142\u00f3w jubilerskich: bransoletki, kolczyki i wiele innych.\" \/>\n<meta property=\"og:url\" content=\"https:\/\/flowhandmade.pl\/index.php\/faq\/\" \/>\n<meta property=\"og:site_name\" content=\"\u015alubne ozdoby do w\u0142os\u00f3w i bi\u017cuteria \u015blubna\" \/>\n<meta property=\"article:publisher\" content=\"https:\/\/pl-pl.facebook.com\/FlowAkcesoria\/\" \/>\n<meta property=\"article:modified_time\" content=\"2018-11-06T16:48:26+00:00\" \/>\n<meta name=\"twitter:card\" content=\"summary_large_image\" \/>\n<script type=\"application\/ld+json\" class=\"yoast-schema-graph\">{\"@context\":\"https:\/\/schema.org\",\"@graph\":[{\"@type\":\"WebPage\",\"@id\":\"https:\/\/flowhandmade.pl\/index.php\/faq\/\",\"url\":\"https:\/\/flowhandmade.pl\/index.php\/faq\/\",\"name\":\"FAQ - \u015alubne ozdoby do w\u0142os\u00f3w i bi\u017cuteria \u015blubna\",\"isPartOf\":{\"@id\":\"https:\/\/flowhandmade.pl\/#website\"},\"datePublished\":\"2018-11-06T14:11:26+00:00\",\"dateModified\":\"2018-11-06T16:48:26+00:00\",\"description\":\"Unikatowa, r\u0119cznie robiona bi\u017cuteria i ozdoby do w\u0142os\u00f3w. \u015alubne wianki, grzebyki, opaski, ga\u0142\u0105zki do w\u0142os\u00f3w. Bi\u017cuteria z najwy\u017cszej jako\u015bci materia\u0142\u00f3w jubilerskich: bransoletki, kolczyki i wiele innych.\",\"breadcrumb\":{\"@id\":\"https:\/\/flowhandmade.pl\/index.php\/faq\/#breadcrumb\"},\"inLanguage\":\"pl-PL\",\"potentialAction\":[{\"@type\":\"ReadAction\",\"target\":[\"https:\/\/flowhandmade.pl\/index.php\/faq\/\"]}]},{\"@type\":\"BreadcrumbList\",\"@id\":\"https:\/\/flowhandmade.pl\/index.php\/faq\/#breadcrumb\",\"itemListElement\":[{\"@type\":\"ListItem\",\"position\":1,\"name\":\"Strona g\u0142\u00f3wna\",\"item\":\"https:\/\/flowhandmade.pl\/\"},{\"@type\":\"ListItem\",\"position\":2,\"name\":\"FAQ\"}]},{\"@type\":\"WebSite\",\"@id\":\"https:\/\/flowhandmade.pl\/#website\",\"url\":\"https:\/\/flowhandmade.pl\/\",\"name\":\"Flow handmade accessories\",\"description\":\"Unikatowa r\u0119cznie robiona bi\u017cuteria \u015blubna, bi\u017cuteryjne \u015blubne ozdoby do w\u0142os\u00f3w; wianki, grzebyki, spinki, opaski, szpilki. Akcesoria \u015blubne.\",\"publisher\":{\"@id\":\"https:\/\/flowhandmade.pl\/#organization\"},\"potentialAction\":[{\"@type\":\"SearchAction\",\"target\":{\"@type\":\"EntryPoint\",\"urlTemplate\":\"https:\/\/flowhandmade.pl\/?s={search_term_string}\"},\"query-input\":{\"@type\":\"PropertyValueSpecification\",\"valueRequired\":true,\"valueName\":\"search_term_string\"}}],\"inLanguage\":\"pl-PL\"},{\"@type\":\"Organization\",\"@id\":\"https:\/\/flowhandmade.pl\/#organization\",\"name\":\"Flow Renata Rosi\u0144ska-Zasuwa\",\"url\":\"https:\/\/flowhandmade.pl\/\",\"logo\":{\"@type\":\"ImageObject\",\"inLanguage\":\"pl-PL\",\"@id\":\"https:\/\/flowhandmade.pl\/#\/schema\/logo\/image\/\",\"url\":\"https:\/\/flowhandmade.pl\/wp-content\/uploads\/2019\/12\/IMG_1800-07-12-19-06-49.jpg\",\"contentUrl\":\"https:\/\/flowhandmade.pl\/wp-content\/uploads\/2019\/12\/IMG_1800-07-12-19-06-49.jpg\",\"width\":2048,\"height\":2048,\"caption\":\"Flow Renata Rosi\u0144ska-Zasuwa\"},\"image\":{\"@id\":\"https:\/\/flowhandmade.pl\/#\/schema\/logo\/image\/\"},\"sameAs\":[\"https:\/\/pl-pl.facebook.com\/FlowAkcesoria\/\",\"https:\/\/www.instagram.com\/flow_handmade_accessories\"]}]}<\/script>\n<!-- \/ Yoast SEO plugin. -->","yoast_head_json":{"title":"FAQ - \u015alubne ozdoby do w\u0142os\u00f3w i bi\u017cuteria \u015blubna","description":"Unikatowa, r\u0119cznie robiona bi\u017cuteria i ozdoby do w\u0142os\u00f3w. \u015alubne wianki, grzebyki, opaski, ga\u0142\u0105zki do w\u0142os\u00f3w. Bi\u017cuteria z najwy\u017cszej jako\u015bci materia\u0142\u00f3w jubilerskich: bransoletki, kolczyki i wiele innych.","robots":{"index":"index","follow":"follow","max-snippet":"max-snippet:-1","max-image-preview":"max-image-preview:large","max-video-preview":"max-video-preview:-1"},"canonical":"https:\/\/flowhandmade.pl\/index.php\/faq\/","og_locale":"pl_PL","og_type":"article","og_title":"FAQ - \u015alubne ozdoby do w\u0142os\u00f3w i bi\u017cuteria \u015blubna","og_description":"Unikatowa, r\u0119cznie robiona bi\u017cuteria i ozdoby do w\u0142os\u00f3w. \u015alubne wianki, grzebyki, opaski, ga\u0142\u0105zki do w\u0142os\u00f3w. Bi\u017cuteria z najwy\u017cszej jako\u015bci materia\u0142\u00f3w jubilerskich: bransoletki, kolczyki i wiele innych.","og_url":"https:\/\/flowhandmade.pl\/index.php\/faq\/","og_site_name":"\u015alubne ozdoby do w\u0142os\u00f3w i bi\u017cuteria \u015blubna","article_publisher":"https:\/\/pl-pl.facebook.com\/FlowAkcesoria\/","article_modified_time":"2018-11-06T16:48:26+00:00","twitter_card":"summary_large_image","schema":{"@context":"https:\/\/schema.org","@graph":[{"@type":"WebPage","@id":"https:\/\/flowhandmade.pl\/index.php\/faq\/","url":"https:\/\/flowhandmade.pl\/index.php\/faq\/","name":"FAQ - \u015alubne ozdoby do w\u0142os\u00f3w i bi\u017cuteria \u015blubna","isPartOf":{"@id":"https:\/\/flowhandmade.pl\/#website"},"datePublished":"2018-11-06T14:11:26+00:00","dateModified":"2018-11-06T16:48:26+00:00","description":"Unikatowa, r\u0119cznie robiona bi\u017cuteria i ozdoby do w\u0142os\u00f3w. \u015alubne wianki, grzebyki, opaski, ga\u0142\u0105zki do w\u0142os\u00f3w. Bi\u017cuteria z najwy\u017cszej jako\u015bci materia\u0142\u00f3w jubilerskich: bransoletki, kolczyki i wiele innych.","breadcrumb":{"@id":"https:\/\/flowhandmade.pl\/index.php\/faq\/#breadcrumb"},"inLanguage":"pl-PL","potentialAction":[{"@type":"ReadAction","target":["https:\/\/flowhandmade.pl\/index.php\/faq\/"]}]},{"@type":"BreadcrumbList","@id":"https:\/\/flowhandmade.pl\/index.php\/faq\/#breadcrumb","itemListElement":[{"@type":"ListItem","position":1,"name":"Strona g\u0142\u00f3wna","item":"https:\/\/flowhandmade.pl\/"},{"@type":"ListItem","position":2,"name":"FAQ"}]},{"@type":"WebSite","@id":"https:\/\/flowhandmade.pl\/#website","url":"https:\/\/flowhandmade.pl\/","name":"Flow handmade accessories","description":"Unikatowa r\u0119cznie robiona bi\u017cuteria \u015blubna, bi\u017cuteryjne \u015blubne ozdoby do w\u0142os\u00f3w; wianki, grzebyki, spinki, opaski, szpilki. Akcesoria \u015blubne.","publisher":{"@id":"https:\/\/flowhandmade.pl\/#organization"},"potentialAction":[{"@type":"SearchAction","target":{"@type":"EntryPoint","urlTemplate":"https:\/\/flowhandmade.pl\/?s={search_term_string}"},"query-input":{"@type":"PropertyValueSpecification","valueRequired":true,"valueName":"search_term_string"}}],"inLanguage":"pl-PL"},{"@type":"Organization","@id":"https:\/\/flowhandmade.pl\/#organization","name":"Flow Renata Rosi\u0144ska-Zasuwa","url":"https:\/\/flowhandmade.pl\/","logo":{"@type":"ImageObject","inLanguage":"pl-PL","@id":"https:\/\/flowhandmade.pl\/#\/schema\/logo\/image\/","url":"https:\/\/flowhandmade.pl\/wp-content\/uploads\/2019\/12\/IMG_1800-07-12-19-06-49.jpg","contentUrl":"https:\/\/flowhandmade.pl\/wp-content\/uploads\/2019\/12\/IMG_1800-07-12-19-06-49.jpg","width":2048,"height":2048,"caption":"Flow Renata Rosi\u0144ska-Zasuwa"},"image":{"@id":"https:\/\/flowhandmade.pl\/#\/schema\/logo\/image\/"},"sameAs":["https:\/\/pl-pl.facebook.com\/FlowAkcesoria\/","https:\/\/www.instagram.com\/flow_handmade_accessories"]}]}},"_links":{"self":[{"href":"https:\/\/flowhandmade.pl\/index.php\/wp-json\/wp\/v2\/pages\/31","targetHints":{"allow":["GET"]}}],"collection":[{"href":"https:\/\/flowhandmade.pl\/index.php\/wp-json\/wp\/v2\/pages"}],"about":[{"href":"https:\/\/flowhandmade.pl\/index.php\/wp-json\/wp\/v2\/types\/page"}],"author":[{"embeddable":true,"href":"https:\/\/flowhandmade.pl\/index.php\/wp-json\/wp\/v2\/users\/1"}],"replies":[{"embeddable":true,"href":"https:\/\/flowhandmade.pl\/index.php\/wp-json\/wp\/v2\/comments?post=31"}],"version-history":[{"count":0,"href":"https:\/\/flowhandmade.pl\/index.php\/wp-json\/wp\/v2\/pages\/31\/revisions"}],"wp:attachment":[{"href":"https:\/\/flowhandmade.pl\/index.php\/wp-json\/wp\/v2\/media?parent=31"}],"curies":[{"name":"wp","href":"https:\/\/api.w.org\/{rel}","templated":true}]}}