{"id":25,"date":"2018-11-06T15:10:51","date_gmt":"2018-11-06T14:10:51","guid":{"rendered":"https:\/\/flowhandmade.pl\/wordpress\/?page_id=25"},"modified":"2021-12-17T21:04:10","modified_gmt":"2021-12-17T20:04:10","slug":"o-nas","status":"publish","type":"page","link":"https:\/\/flowhandmade.pl\/index.php\/o-nas\/","title":{"rendered":"O nas"},"content":{"rendered":"<p id=\"tw-target-text\" class=\"tw-data-text tw-ta tw-text-small\" dir=\"ltr\" style=\"text-align: center;\"><span lang=\"pl\" xml:lang=\"pl\">Flow to marka stworzona z my\u015bl\u0105 o mi\u0142o\u015bniczkach r\u0119cznie robionej ekskluzywnej bi\u017cuterii. W naszej pracowni projektujemy i wykonujemy <a href=\"https:\/\/flowhandmade.pl\/index.php\/sklep\/\">bi\u017cuteri\u0119 \u015blubn\u0105<\/a> oraz \u015blubne ozdoby do w\u0142os\u00f3w, ale nie tylko&#8230; <\/span><span lang=\"pl\" xml:lang=\"pl\">W\u015br\u00f3d zrealizowanych przez nas projekt\u00f3w znajduj\u0105 si\u0119 wyj\u0105tkowe akcesoria takie jak na przyk\u0142ad aplikacje do sukni \u015blubnej, bi\u017cuteryjne paski, a nawet akcesoria zdobi\u0105ce stopy Panny M\u0142odej. Na indywidualne zam\u00f3wienie tworzymy komplety bi\u017cuterii na studni\u00f3wk\u0119, bale sylwestrowe i inne imprezy okoliczno\u015bciowe. <\/span><span lang=\"pl\" xml:lang=\"pl\">Tak wi\u0119c jak wida\u0107 Flow handmade accessories to nie tylko tradycyjna bi\u017cuteria \u015blubna czy \u015blubne ozdoby do w\u0142os\u00f3w, ale wiele wi\u0119cej!<\/span><\/p>\n<p dir=\"ltr\" style=\"text-align: center;\"><span lang=\"pl\" xml:lang=\"pl\">Wyzwania nam nie straszne, a wr\u0119cz przeciwnie, ka\u017cdego dnia z niecierpliwo\u015bci\u0105 na nie czekamy i ch\u0119tnie stawiamy im czo\u0142a.<\/span><\/p>\n<p class=\"tw-data-text tw-ta tw-text-small\" dir=\"ltr\" style=\"text-align: center;\"><span lang=\"pl\" xml:lang=\"pl\">Dok\u0142adamy wszelkich stara\u0144, aby ka\u017cdy powsta\u0142y w naszej pracowni produkt zaskoczy\u0142 Ci\u0119 wysok\u0105 jako\u015bci\u0105 i zachwyci\u0142 niepowtarzalnym pi\u0119knem. Dbamy o ka\u017cdy detal, u\u017cywaj\u0105c tylko najwy\u017cej jako\u015bci materia\u0142\u00f3w jubilerskich.\u00a0<\/span><span lang=\"pl\" xml:lang=\"pl\">W zak\u0142adce <a href=\"https:\/\/flowhandmade.pl\/index.php\/jak-dbac-o-produkty-flow\/\">FAQ<\/a> mo\u017cecie r\u00f3wnie\u017c znale\u017a\u0107 kilka porad jak dba\u0107 o nasze produkty, aby s\u0142u\u017cy\u0142y Wam jak najd\u0142u\u017cej.\u00a0<\/span><\/p>\n<p class=\"tw-data-text tw-ta tw-text-small\" dir=\"ltr\" style=\"text-align: center;\"><span lang=\"pl\" xml:lang=\"pl\">Pomagamy stworzy\u0107 unikatowe stylizacje dla ka\u017cdej z Was, na ka\u017cd\u0105 okazje. Pragniemy, aby ka\u017cda z Was czu\u0142a si\u0119 wyj\u0105tkowo nosz\u0105c na sobie nasze produkty.\u00a0<\/span><\/p>\n<p class=\"tw-data-text tw-ta tw-text-small\" dir=\"ltr\" style=\"text-align: center;\"><span lang=\"pl\" xml:lang=\"pl\">Je\u015bli masz marzenie, a w g\u0142owie roi Ci si\u0119 z pozoru niemo\u017cliwy do wykonania projekt <a href=\"https:\/\/flowhandmade.pl\/index.php\/kontakt-z-nami\/\">napisz do nas<\/a>! Postaramy si\u0119\u00a0 zrealizowa\u0107 go wed\u0142ug Twoich wskaz\u00f3wek.\u00a0<\/span><\/p>\n<p dir=\"ltr\" style=\"text-align: center;\">Jeste\u015bmy r\u00f3wnie\u017c otwarci na wszelkie formy wsp\u00f3\u0142pracy z salonami fryzjerskimi, fotografami, salonami sukien \u015blubnych!<\/p>\n<p dir=\"ltr\"><img loading=\"lazy\" decoding=\"async\" class=\"aligncenter wp-image-768 size-full\" src=\"https:\/\/flowhandmade.pl\/wp-content\/uploads\/2019\/12\/1-75.jpg\" alt=\"Bi\u017cuteria \u015blubna\" width=\"437\" height=\"654\" \/><\/p>\n<p align=\"center\">POLECA NAS:<\/p>\n<p align=\"center\"><a href=\"https:\/\/www.zankyou.pl\/\">ZankYou<\/a><\/p>\n<p align=\"center\">WESELE Z KLAS\u0104<\/p>\n<p align=\"center\">WSP\u00d3\u0141PRACUJEMY Z:<\/p>\n<p align=\"center\"><a href=\"https:\/\/eufeme.pl\/\">Salon sukien \u015blubnych Eufeme &#8211; OTWOCK<\/a><\/p>\n<p align=\"center\"><a href=\"http:\/\/cymballa.pl\/\">CYMBALLA Atelier &#8211; POZNA\u0143<\/a><\/p>\n<p align=\"center\">Atelier Christine Grodzki &#8211; WROC\u0141AW<\/p>\n<p align=\"center\"><a href=\"https:\/\/sandrestudio.pl\/\">Sandre Studio &#8211; WROC\u0141AW<\/a><\/p>\n<p align=\"center\">\u015alub Marze\u0144 &#8211; MIELEC<\/p>\n<p align=\"center\"><a href=\"https:\/\/weddingdream.shop\/\">WeddingDream SHOP Izabela Janachowska<\/a><\/p>\n<p align=\"center\">\n<p style=\"text-align: center;\" align=\"center\">FLOW Renata Rosi\u0144ska &#8211; Zasuwa<\/p>\n<p style=\"margin: 0cm; margin-bottom: .0001pt; text-align: center;\" align=\"center\">\u00a0+48 511 443 593<\/p>\n<p style=\"margin: 0cm; margin-bottom: .0001pt; text-align: center;\" align=\"center\">\u00a0sklep@flowhandmade.pl<\/p>\n<p style=\"margin: 0cm; margin-bottom: .0001pt; text-align: center;\" align=\"center\">NIP: 8262127415<\/p>\n<p style=\"margin: 0cm; margin-bottom: .0001pt; text-align: center;\" align=\"center\">\n","protected":false},"excerpt":{"rendered":"<p>Flow to marka stworzona z my\u015bl\u0105 o mi\u0142o\u015bniczkach r\u0119cznie robionej ekskluzywnej bi\u017cuterii. W naszej pracowni projektujemy i wykonujemy bi\u017cuteri\u0119 \u015blubn\u0105 oraz \u015blubne ozdoby do w\u0142os\u00f3w, ale nie tylko&#8230; W\u015br\u00f3d zrealizowanych przez nas projekt\u00f3w znajduj\u0105 si\u0119 wyj\u0105tkowe akcesoria takie jak na przyk\u0142ad aplikacje do sukni \u015blubnej, bi\u017cuteryjne paski, a nawet akcesoria zdobi\u0105ce stopy Panny M\u0142odej. Na [&hellip;]<\/p>\n","protected":false},"author":1,"featured_media":0,"parent":0,"menu_order":0,"comment_status":"closed","ping_status":"closed","template":"template-fullwidth.php","meta":{"footnotes":""},"class_list":["post-25","page","type-page","status-publish","hentry"],"yoast_head":"<!-- This site is optimized with the Yoast SEO plugin v27.0 - https:\/\/yoast.com\/product\/yoast-seo-wordpress\/ -->\n<title>O nas - \u015alubne ozdoby do w\u0142os\u00f3w i bi\u017cuteria \u015blubna<\/title>\n<meta name=\"description\" content=\"R\u0119cznie robiona bi\u017cuteria \u015blubna i ozdoby do w\u0142os\u00f3w: wianki, grzebyki, opaski, ga\u0142\u0105zki do w\u0142os\u00f3w. Bi\u017cuteria z najwy\u017cszej jako\u015bci materia\u0142\u00f3w jubilerskich.\" \/>\n<meta name=\"robots\" content=\"index, follow, max-snippet:-1, max-image-preview:large, max-video-preview:-1\" \/>\n<link rel=\"canonical\" href=\"https:\/\/flowhandmade.pl\/index.php\/o-nas\/\" \/>\n<meta property=\"og:locale\" content=\"pl_PL\" \/>\n<meta property=\"og:type\" content=\"article\" \/>\n<meta property=\"og:title\" content=\"O nas - \u015alubne ozdoby do w\u0142os\u00f3w i bi\u017cuteria \u015blubna\" \/>\n<meta property=\"og:description\" content=\"R\u0119cznie robiona bi\u017cuteria \u015blubna i ozdoby do w\u0142os\u00f3w: wianki, grzebyki, opaski, ga\u0142\u0105zki do w\u0142os\u00f3w. Bi\u017cuteria z najwy\u017cszej jako\u015bci materia\u0142\u00f3w jubilerskich.\" \/>\n<meta property=\"og:url\" content=\"https:\/\/flowhandmade.pl\/index.php\/o-nas\/\" \/>\n<meta property=\"og:site_name\" content=\"\u015alubne ozdoby do w\u0142os\u00f3w i bi\u017cuteria \u015blubna\" \/>\n<meta property=\"article:publisher\" content=\"https:\/\/pl-pl.facebook.com\/FlowAkcesoria\/\" \/>\n<meta property=\"article:modified_time\" content=\"2021-12-17T20:04:10+00:00\" \/>\n<meta property=\"og:image\" content=\"https:\/\/flowhandmade.pl\/wp-content\/uploads\/2019\/12\/1-75.jpg\" \/>\n<meta name=\"twitter:card\" content=\"summary_large_image\" \/>\n<meta name=\"twitter:label1\" content=\"Szacowany czas czytania\" \/>\n\t<meta name=\"twitter:data1\" content=\"2 minuty\" \/>\n<script type=\"application\/ld+json\" class=\"yoast-schema-graph\">{\"@context\":\"https:\/\/schema.org\",\"@graph\":[{\"@type\":\"WebPage\",\"@id\":\"https:\/\/flowhandmade.pl\/index.php\/o-nas\/\",\"url\":\"https:\/\/flowhandmade.pl\/index.php\/o-nas\/\",\"name\":\"O nas - \u015alubne ozdoby do w\u0142os\u00f3w i bi\u017cuteria \u015blubna\",\"isPartOf\":{\"@id\":\"https:\/\/flowhandmade.pl\/#website\"},\"primaryImageOfPage\":{\"@id\":\"https:\/\/flowhandmade.pl\/index.php\/o-nas\/#primaryimage\"},\"image\":{\"@id\":\"https:\/\/flowhandmade.pl\/index.php\/o-nas\/#primaryimage\"},\"thumbnailUrl\":\"https:\/\/flowhandmade.pl\/wp-content\/uploads\/2019\/12\/1-75.jpg\",\"datePublished\":\"2018-11-06T14:10:51+00:00\",\"dateModified\":\"2021-12-17T20:04:10+00:00\",\"description\":\"R\u0119cznie robiona bi\u017cuteria \u015blubna i ozdoby do w\u0142os\u00f3w: wianki, grzebyki, opaski, ga\u0142\u0105zki do w\u0142os\u00f3w. Bi\u017cuteria z najwy\u017cszej jako\u015bci materia\u0142\u00f3w jubilerskich.\",\"breadcrumb\":{\"@id\":\"https:\/\/flowhandmade.pl\/index.php\/o-nas\/#breadcrumb\"},\"inLanguage\":\"pl-PL\",\"potentialAction\":[{\"@type\":\"ReadAction\",\"target\":[\"https:\/\/flowhandmade.pl\/index.php\/o-nas\/\"]}]},{\"@type\":\"ImageObject\",\"inLanguage\":\"pl-PL\",\"@id\":\"https:\/\/flowhandmade.pl\/index.php\/o-nas\/#primaryimage\",\"url\":\"https:\/\/flowhandmade.pl\/wp-content\/uploads\/2019\/12\/1-75.webp\",\"contentUrl\":\"https:\/\/flowhandmade.pl\/wp-content\/uploads\/2019\/12\/1-75.webp\",\"width\":437,\"height\":654,\"caption\":\"nasze panny m\u0142ode\"},{\"@type\":\"BreadcrumbList\",\"@id\":\"https:\/\/flowhandmade.pl\/index.php\/o-nas\/#breadcrumb\",\"itemListElement\":[{\"@type\":\"ListItem\",\"position\":1,\"name\":\"Strona g\u0142\u00f3wna\",\"item\":\"https:\/\/flowhandmade.pl\/\"},{\"@type\":\"ListItem\",\"position\":2,\"name\":\"O nas\"}]},{\"@type\":\"WebSite\",\"@id\":\"https:\/\/flowhandmade.pl\/#website\",\"url\":\"https:\/\/flowhandmade.pl\/\",\"name\":\"Flow handmade accessories\",\"description\":\"Unikatowa r\u0119cznie robiona bi\u017cuteria \u015blubna, bi\u017cuteryjne \u015blubne ozdoby do w\u0142os\u00f3w; wianki, grzebyki, spinki, opaski, szpilki. Akcesoria \u015blubne.\",\"publisher\":{\"@id\":\"https:\/\/flowhandmade.pl\/#organization\"},\"potentialAction\":[{\"@type\":\"SearchAction\",\"target\":{\"@type\":\"EntryPoint\",\"urlTemplate\":\"https:\/\/flowhandmade.pl\/?s={search_term_string}\"},\"query-input\":{\"@type\":\"PropertyValueSpecification\",\"valueRequired\":true,\"valueName\":\"search_term_string\"}}],\"inLanguage\":\"pl-PL\"},{\"@type\":\"Organization\",\"@id\":\"https:\/\/flowhandmade.pl\/#organization\",\"name\":\"Flow Renata Rosi\u0144ska-Zasuwa\",\"url\":\"https:\/\/flowhandmade.pl\/\",\"logo\":{\"@type\":\"ImageObject\",\"inLanguage\":\"pl-PL\",\"@id\":\"https:\/\/flowhandmade.pl\/#\/schema\/logo\/image\/\",\"url\":\"https:\/\/flowhandmade.pl\/wp-content\/uploads\/2019\/12\/IMG_1800-07-12-19-06-49.jpg\",\"contentUrl\":\"https:\/\/flowhandmade.pl\/wp-content\/uploads\/2019\/12\/IMG_1800-07-12-19-06-49.jpg\",\"width\":2048,\"height\":2048,\"caption\":\"Flow Renata Rosi\u0144ska-Zasuwa\"},\"image\":{\"@id\":\"https:\/\/flowhandmade.pl\/#\/schema\/logo\/image\/\"},\"sameAs\":[\"https:\/\/pl-pl.facebook.com\/FlowAkcesoria\/\",\"https:\/\/www.instagram.com\/flow_handmade_accessories\"]}]}<\/script>\n<!-- \/ Yoast SEO plugin. -->","yoast_head_json":{"title":"O nas - \u015alubne ozdoby do w\u0142os\u00f3w i bi\u017cuteria \u015blubna","description":"R\u0119cznie robiona bi\u017cuteria \u015blubna i ozdoby do w\u0142os\u00f3w: wianki, grzebyki, opaski, ga\u0142\u0105zki do w\u0142os\u00f3w. Bi\u017cuteria z najwy\u017cszej jako\u015bci materia\u0142\u00f3w jubilerskich.","robots":{"index":"index","follow":"follow","max-snippet":"max-snippet:-1","max-image-preview":"max-image-preview:large","max-video-preview":"max-video-preview:-1"},"canonical":"https:\/\/flowhandmade.pl\/index.php\/o-nas\/","og_locale":"pl_PL","og_type":"article","og_title":"O nas - \u015alubne ozdoby do w\u0142os\u00f3w i bi\u017cuteria \u015blubna","og_description":"R\u0119cznie robiona bi\u017cuteria \u015blubna i ozdoby do w\u0142os\u00f3w: wianki, grzebyki, opaski, ga\u0142\u0105zki do w\u0142os\u00f3w. Bi\u017cuteria z najwy\u017cszej jako\u015bci materia\u0142\u00f3w jubilerskich.","og_url":"https:\/\/flowhandmade.pl\/index.php\/o-nas\/","og_site_name":"\u015alubne ozdoby do w\u0142os\u00f3w i bi\u017cuteria \u015blubna","article_publisher":"https:\/\/pl-pl.facebook.com\/FlowAkcesoria\/","article_modified_time":"2021-12-17T20:04:10+00:00","og_image":[{"url":"https:\/\/flowhandmade.pl\/wp-content\/uploads\/2019\/12\/1-75.jpg","type":"","width":"","height":""}],"twitter_card":"summary_large_image","twitter_misc":{"Szacowany czas czytania":"2 minuty"},"schema":{"@context":"https:\/\/schema.org","@graph":[{"@type":"WebPage","@id":"https:\/\/flowhandmade.pl\/index.php\/o-nas\/","url":"https:\/\/flowhandmade.pl\/index.php\/o-nas\/","name":"O nas - \u015alubne ozdoby do w\u0142os\u00f3w i bi\u017cuteria \u015blubna","isPartOf":{"@id":"https:\/\/flowhandmade.pl\/#website"},"primaryImageOfPage":{"@id":"https:\/\/flowhandmade.pl\/index.php\/o-nas\/#primaryimage"},"image":{"@id":"https:\/\/flowhandmade.pl\/index.php\/o-nas\/#primaryimage"},"thumbnailUrl":"https:\/\/flowhandmade.pl\/wp-content\/uploads\/2019\/12\/1-75.jpg","datePublished":"2018-11-06T14:10:51+00:00","dateModified":"2021-12-17T20:04:10+00:00","description":"R\u0119cznie robiona bi\u017cuteria \u015blubna i ozdoby do w\u0142os\u00f3w: wianki, grzebyki, opaski, ga\u0142\u0105zki do w\u0142os\u00f3w. Bi\u017cuteria z najwy\u017cszej jako\u015bci materia\u0142\u00f3w jubilerskich.","breadcrumb":{"@id":"https:\/\/flowhandmade.pl\/index.php\/o-nas\/#breadcrumb"},"inLanguage":"pl-PL","potentialAction":[{"@type":"ReadAction","target":["https:\/\/flowhandmade.pl\/index.php\/o-nas\/"]}]},{"@type":"ImageObject","inLanguage":"pl-PL","@id":"https:\/\/flowhandmade.pl\/index.php\/o-nas\/#primaryimage","url":"https:\/\/flowhandmade.pl\/wp-content\/uploads\/2019\/12\/1-75.webp","contentUrl":"https:\/\/flowhandmade.pl\/wp-content\/uploads\/2019\/12\/1-75.webp","width":437,"height":654,"caption":"nasze panny m\u0142ode"},{"@type":"BreadcrumbList","@id":"https:\/\/flowhandmade.pl\/index.php\/o-nas\/#breadcrumb","itemListElement":[{"@type":"ListItem","position":1,"name":"Strona g\u0142\u00f3wna","item":"https:\/\/flowhandmade.pl\/"},{"@type":"ListItem","position":2,"name":"O nas"}]},{"@type":"WebSite","@id":"https:\/\/flowhandmade.pl\/#website","url":"https:\/\/flowhandmade.pl\/","name":"Flow handmade accessories","description":"Unikatowa r\u0119cznie robiona bi\u017cuteria \u015blubna, bi\u017cuteryjne \u015blubne ozdoby do w\u0142os\u00f3w; wianki, grzebyki, spinki, opaski, szpilki. Akcesoria \u015blubne.","publisher":{"@id":"https:\/\/flowhandmade.pl\/#organization"},"potentialAction":[{"@type":"SearchAction","target":{"@type":"EntryPoint","urlTemplate":"https:\/\/flowhandmade.pl\/?s={search_term_string}"},"query-input":{"@type":"PropertyValueSpecification","valueRequired":true,"valueName":"search_term_string"}}],"inLanguage":"pl-PL"},{"@type":"Organization","@id":"https:\/\/flowhandmade.pl\/#organization","name":"Flow Renata Rosi\u0144ska-Zasuwa","url":"https:\/\/flowhandmade.pl\/","logo":{"@type":"ImageObject","inLanguage":"pl-PL","@id":"https:\/\/flowhandmade.pl\/#\/schema\/logo\/image\/","url":"https:\/\/flowhandmade.pl\/wp-content\/uploads\/2019\/12\/IMG_1800-07-12-19-06-49.jpg","contentUrl":"https:\/\/flowhandmade.pl\/wp-content\/uploads\/2019\/12\/IMG_1800-07-12-19-06-49.jpg","width":2048,"height":2048,"caption":"Flow Renata Rosi\u0144ska-Zasuwa"},"image":{"@id":"https:\/\/flowhandmade.pl\/#\/schema\/logo\/image\/"},"sameAs":["https:\/\/pl-pl.facebook.com\/FlowAkcesoria\/","https:\/\/www.instagram.com\/flow_handmade_accessories"]}]}},"_links":{"self":[{"href":"https:\/\/flowhandmade.pl\/index.php\/wp-json\/wp\/v2\/pages\/25","targetHints":{"allow":["GET"]}}],"collection":[{"href":"https:\/\/flowhandmade.pl\/index.php\/wp-json\/wp\/v2\/pages"}],"about":[{"href":"https:\/\/flowhandmade.pl\/index.php\/wp-json\/wp\/v2\/types\/page"}],"author":[{"embeddable":true,"href":"https:\/\/flowhandmade.pl\/index.php\/wp-json\/wp\/v2\/users\/1"}],"replies":[{"embeddable":true,"href":"https:\/\/flowhandmade.pl\/index.php\/wp-json\/wp\/v2\/comments?post=25"}],"version-history":[{"count":17,"href":"https:\/\/flowhandmade.pl\/index.php\/wp-json\/wp\/v2\/pages\/25\/revisions"}],"predecessor-version":[{"id":1384,"href":"https:\/\/flowhandmade.pl\/index.php\/wp-json\/wp\/v2\/pages\/25\/revisions\/1384"}],"wp:attachment":[{"href":"https:\/\/flowhandmade.pl\/index.php\/wp-json\/wp\/v2\/media?parent=25"}],"curies":[{"name":"wp","href":"https:\/\/api.w.org\/{rel}","templated":true}]}}