{"id":2,"date":"2018-11-06T10:13:51","date_gmt":"2018-11-06T09:13:51","guid":{"rendered":"https:\/\/flowhandmade.pl\/wordpress\/?page_id=2"},"modified":"2020-01-01T22:45:14","modified_gmt":"2020-01-01T21:45:14","slug":"slubne-ozdoby-do-wlosow-i-bizuteria-slubna","status":"publish","type":"page","link":"https:\/\/flowhandmade.pl\/","title":{"rendered":"\u015alubne ozdoby do w\u0142os\u00f3w"},"content":{"rendered":"\n<h4 class=\"wp-block-heading\"><a href=\"#kotwica1\">Opis dzia\u0142alno\u015bci<\/a><\/h4>\n\n\n\n<h4 class=\"wp-block-heading\"><a href=\"#kotwica2\">Par\u0119 s\u0142\u00f3w o Flow<\/a><\/h4>\n\n\n\n<h4 class=\"wp-block-heading\"><a href=\"#kotwica3\">Jak dba\u0107 o Nasze produkty<\/a><\/h4>\n\n\n\n<h4 class=\"wp-block-heading\" id=\"kotwica1\">\u015alubne ozdoby do w\u0142os\u00f3w<\/h4>\n\n\n\n<p>Unikatowa, r\u0119cznie robiona bi\u017cuteria i \u015blubne ozdoby do w\u0142os\u00f3w. \u015alubne wianki, grzebyki, opaski, ga\u0142\u0105zki do w\u0142os\u00f3w. Bi\u017cuteria z najwy\u017cszej jako\u015bci materia\u0142\u00f3w jubilerskich: bransoletki, kolczyki i wiele innych. Wszystkie produkty mo\u017cesz znale\u017a\u0107 w naszym <a href=\"https:\/\/flowhandmade.pl\/index.php\/sklep\/\">sklepie<\/a>.<\/p>\n\n\n\n<figure class=\"wp-block-gallery columns-1 is-cropped wp-block-gallery-1 is-layout-flex wp-block-gallery-is-layout-flex\"><ul class=\"blocks-gallery-grid\"><li class=\"blocks-gallery-item\"><figure><img loading=\"lazy\" decoding=\"async\" width=\"1024\" height=\"684\" src=\"https:\/\/flowhandmade.pl\/wp-content\/uploads\/2019\/02\/1-13-1024x684.jpg\" alt=\"\u015blubna ozdoba do w\u0142os\u00f3w\" data-id=\"377\" data-full-url=\"https:\/\/flowhandmade.pl\/wp-content\/uploads\/2019\/02\/1-13.jpg\" data-link=\"https:\/\/flowhandmade.pl\/?attachment_id=377\" class=\"wp-image-377\" srcset=\"https:\/\/flowhandmade.pl\/wp-content\/uploads\/2019\/02\/1-13-1024x684.jpg 1024w, https:\/\/flowhandmade.pl\/wp-content\/uploads\/2019\/02\/1-13-1536x1025.webp 1536w, https:\/\/flowhandmade.pl\/wp-content\/uploads\/2019\/02\/1-13-2048x1367.webp 2048w, https:\/\/flowhandmade.pl\/wp-content\/uploads\/2019\/02\/1-13-300x200.jpg 300w, https:\/\/flowhandmade.pl\/wp-content\/uploads\/2019\/02\/1-13-768x513.jpg 768w, https:\/\/flowhandmade.pl\/wp-content\/uploads\/2019\/02\/1-13-750x500.jpg 750w, https:\/\/flowhandmade.pl\/wp-content\/uploads\/2019\/02\/1-13-555x371.jpg 555w, https:\/\/flowhandmade.pl\/wp-content\/uploads\/2019\/02\/1-13-262x175.jpg 262w\" sizes=\"auto, (max-width: 1024px) 100vw, 1024px\" \/><\/figure><\/li><\/ul><\/figure>\n\n\n\n<h4 class=\"wp-block-heading\" id=\"kotwica2\">O nas<\/h4>\n\n\n\n<p>Zajmujemy si\u0119 projektowaniem i r\u0119cznym wykonywaniem \u015blubnej bi\u017cuterii oraz ozd\u00f3b do w\u0142os\u00f3w, ale nie tylko\u2026&nbsp;W\u015br\u00f3d zrealizowanych przez nas projekt\u00f3w znajduj\u0105 si\u0119 wyj\u0105tkowe akcesoria takie jak aplikacje do sukni \u015blubnej, bi\u017cuteryjne paski, a nawet akcesoria zdobi\u0105ce stopy Panny M\u0142odej\u2026&nbsp;Tak wi\u0119c jak wida\u0107 Flow to nie tylko tradycyjna bi\u017cuteria \u015blubna czy ozdoby do w\u0142os\u00f3w, ale wiele wi\u0119cej! Wyzwania nam nie straszne, a nawet przeciwnie, ka\u017cdego dnia z niecierpliwo\u015bci\u0105 na nie czekamy i ch\u0119tnie stawiamy im czo\u0142a.  Dok\u0142adamy wszelkich stara\u0144, aby ka\u017cdy powsta\u0142y w naszej pracowni produkt zaskoczy\u0142 Ci\u0119 wysok\u0105 jako\u015bci\u0105 i zachwyci\u0142 niepowtarzalnym pi\u0119knem. Dbamy o ka\u017cdy detal, u\u017cywaj\u0105c tylko najwy\u017cej jako\u015bci materia\u0142\u00f3w. Pomagamy stworzy\u0107 unikatowe stylizacje dla ka\u017cdej z Was, na ka\u017cd\u0105 okazje.<br>Je\u015bli masz marzenie, a w g\u0142owie roi Ci si\u0119 z pozoru niemo\u017cliwy do wykonania pomys\u0142 napisz do nas! Postaramy si\u0119 go zrealizowa\u0107 wed\u0142ug Twoich wskaz\u00f3wek. W\u015br\u00f3d polecaj\u0105cych Nas platform jest <a href=\"https:\/\/www.zankyou.pl\/\">ZankYou<\/a>.<\/p>\n\n\n\n<h4 class=\"wp-block-heading\" id=\"kotwica3\">Jak dba\u0107 o produkty Flow<\/h4>\n\n\n\n<p>\n\nKa\u017cdy produkt FLOW zapakowany jest w wytrzyma\u0142e pude\u0142ko, kt\u00f3re chroni zawarto\u015b\u0107 przed zgnieceniem i zabrudzeniem. Je\u015bli chcesz cieszy\u0107 si\u0119 jego pi\u0119knem przez d\u0142ugi czas nale\u017cy przestrzega\u0107 kilku prostych zasad.R\u0119cznie wykonane, plecione wianki, kt\u00f3rych baz\u0105 jest elastyczny drucik \u0142atwo dostosowuj\u0105 si\u0119 do ka\u017cdej fryzury. Nie nale\u017cy jednak wygina\u0107 ich zbyt mocno. Wielokrotne zaginanie i rozginanie, mo\u017ce spowodowa\u0107 od\u0142amanie elementu ozdoby. Nie zalecamy r\u00f3wnie\u017c bezpo\u015bredniego kontaktu ozdoby z produktami do stylizacji w\u0142os\u00f3w (np. lakier, pianka), poniewa\u017c mog\u0105 spowodowa\u0107 zmian\u0119 jej koloru lub utrat\u0119 po\u0142ysku.Jedwabne, r\u0119cznie formowane kwiaty nie toleruj\u0105 wody, dlatego powinno unika\u0107 si\u0119 ich zamoczenia. Je\u015bli jednak ulegn\u0105 zabrudzeniu mo\u017cna spr\u00f3bowa\u0107 delikatnie wyczy\u015bci\u0107 je przy u\u017cyciu wilgotnej \u015bciereczki, ale nie gwarantujemy, \u017ce po takim zabiegu b\u0119d\u0105 wygl\u0105da\u0142y jak na pocz\u0105tku. Nale\u017cy unika\u0107 przygniatania&nbsp;kwiat\u00f3w innymi przedmiotami, gdy\u017c mog\u0105 ulec zniekszta\u0142ceniu.<\/p>\n","protected":false},"excerpt":{"rendered":"<p>Opis dzia\u0142alno\u015bci Par\u0119 s\u0142\u00f3w o Flow Jak dba\u0107 o Nasze produkty \u015alubne ozdoby do w\u0142os\u00f3w Unikatowa, r\u0119cznie robiona bi\u017cuteria i \u015blubne ozdoby do w\u0142os\u00f3w. \u015alubne wianki, grzebyki, opaski, ga\u0142\u0105zki do w\u0142os\u00f3w. Bi\u017cuteria z najwy\u017cszej jako\u015bci materia\u0142\u00f3w jubilerskich: bransoletki, kolczyki i wiele innych. Wszystkie produkty mo\u017cesz znale\u017a\u0107 w naszym sklepie. O nas Zajmujemy si\u0119 projektowaniem i [&hellip;]<\/p>\n","protected":false},"author":1,"featured_media":0,"parent":0,"menu_order":0,"comment_status":"closed","ping_status":"open","template":"","meta":{"footnotes":""},"class_list":["post-2","page","type-page","status-publish","hentry"],"yoast_head":"<!-- This site is optimized with the Yoast SEO plugin v27.0 - https:\/\/yoast.com\/product\/yoast-seo-wordpress\/ -->\n<title>\u015alubne ozdoby do w\u0142os\u00f3w i bi\u017cuteria \u015blubna - Flow handmade accessories<\/title>\n<meta name=\"description\" content=\"R\u0119cznie robiona bi\u017cuteria i \u015blubne ozdoby do w\u0142os\u00f3w: wianki, grzebyki, opaski, ga\u0142\u0105zki do w\u0142os\u00f3w. Bi\u017cuteria z najwy\u017cszej jako\u015bci materia\u0142\u00f3w jubilerskich.\" \/>\n<meta name=\"robots\" content=\"index, follow, max-snippet:-1, max-image-preview:large, max-video-preview:-1\" \/>\n<link rel=\"canonical\" href=\"https:\/\/flowhandmade.pl\/\" \/>\n<meta property=\"og:locale\" content=\"pl_PL\" \/>\n<meta property=\"og:type\" content=\"article\" \/>\n<meta property=\"og:title\" content=\"\u015alubne ozdoby do w\u0142os\u00f3w i bi\u017cuteria \u015blubna - Flow handmade accessories\" \/>\n<meta property=\"og:description\" content=\"R\u0119cznie robiona bi\u017cuteria i \u015blubne ozdoby do w\u0142os\u00f3w: wianki, grzebyki, opaski, ga\u0142\u0105zki do w\u0142os\u00f3w. Bi\u017cuteria z najwy\u017cszej jako\u015bci materia\u0142\u00f3w jubilerskich.\" \/>\n<meta property=\"og:url\" content=\"https:\/\/flowhandmade.pl\/\" \/>\n<meta property=\"og:site_name\" content=\"\u015alubne ozdoby do w\u0142os\u00f3w i bi\u017cuteria \u015blubna\" \/>\n<meta property=\"article:publisher\" content=\"https:\/\/pl-pl.facebook.com\/FlowAkcesoria\/\" \/>\n<meta property=\"article:modified_time\" content=\"2020-01-01T21:45:14+00:00\" \/>\n<meta property=\"og:image\" content=\"https:\/\/flowhandmade.pl\/wp-content\/uploads\/2019\/02\/1-13-1024x684.jpg\" \/>\n<meta name=\"twitter:card\" content=\"summary_large_image\" \/>\n<meta name=\"twitter:label1\" content=\"Szacowany czas czytania\" \/>\n\t<meta name=\"twitter:data1\" content=\"2 minuty\" \/>\n<script type=\"application\/ld+json\" class=\"yoast-schema-graph\">{\"@context\":\"https:\/\/schema.org\",\"@graph\":[{\"@type\":\"WebPage\",\"@id\":\"https:\/\/flowhandmade.pl\/\",\"url\":\"https:\/\/flowhandmade.pl\/\",\"name\":\"\u015alubne ozdoby do w\u0142os\u00f3w i bi\u017cuteria \u015blubna - Flow handmade accessories\",\"isPartOf\":{\"@id\":\"https:\/\/flowhandmade.pl\/#website\"},\"primaryImageOfPage\":{\"@id\":\"https:\/\/flowhandmade.pl\/#primaryimage\"},\"image\":{\"@id\":\"https:\/\/flowhandmade.pl\/#primaryimage\"},\"thumbnailUrl\":\"https:\/\/flowhandmade.pl\/wp-content\/uploads\/2019\/02\/1-13-1024x684.jpg\",\"datePublished\":\"2018-11-06T09:13:51+00:00\",\"dateModified\":\"2020-01-01T21:45:14+00:00\",\"description\":\"R\u0119cznie robiona bi\u017cuteria i \u015blubne ozdoby do w\u0142os\u00f3w: wianki, grzebyki, opaski, ga\u0142\u0105zki do w\u0142os\u00f3w. Bi\u017cuteria z najwy\u017cszej jako\u015bci materia\u0142\u00f3w jubilerskich.\",\"breadcrumb\":{\"@id\":\"https:\/\/flowhandmade.pl\/#breadcrumb\"},\"inLanguage\":\"pl-PL\",\"potentialAction\":[{\"@type\":\"ReadAction\",\"target\":[\"https:\/\/flowhandmade.pl\/\"]}]},{\"@type\":\"ImageObject\",\"inLanguage\":\"pl-PL\",\"@id\":\"https:\/\/flowhandmade.pl\/#primaryimage\",\"url\":\"https:\/\/flowhandmade.pl\/wp-content\/uploads\/2019\/02\/1-13-1024x684.jpg\",\"contentUrl\":\"https:\/\/flowhandmade.pl\/wp-content\/uploads\/2019\/02\/1-13-1024x684.jpg\"},{\"@type\":\"BreadcrumbList\",\"@id\":\"https:\/\/flowhandmade.pl\/#breadcrumb\",\"itemListElement\":[{\"@type\":\"ListItem\",\"position\":1,\"name\":\"Strona g\u0142\u00f3wna\",\"item\":\"https:\/\/flowhandmade.pl\/\"},{\"@type\":\"ListItem\",\"position\":2,\"name\":\"\u015alubne ozdoby do w\u0142os\u00f3w\"}]},{\"@type\":\"WebSite\",\"@id\":\"https:\/\/flowhandmade.pl\/#website\",\"url\":\"https:\/\/flowhandmade.pl\/\",\"name\":\"Flow handmade accessories\",\"description\":\"Unikatowa r\u0119cznie robiona bi\u017cuteria \u015blubna, bi\u017cuteryjne \u015blubne ozdoby do w\u0142os\u00f3w; wianki, grzebyki, spinki, opaski, szpilki. Akcesoria \u015blubne.\",\"publisher\":{\"@id\":\"https:\/\/flowhandmade.pl\/#organization\"},\"potentialAction\":[{\"@type\":\"SearchAction\",\"target\":{\"@type\":\"EntryPoint\",\"urlTemplate\":\"https:\/\/flowhandmade.pl\/?s={search_term_string}\"},\"query-input\":{\"@type\":\"PropertyValueSpecification\",\"valueRequired\":true,\"valueName\":\"search_term_string\"}}],\"inLanguage\":\"pl-PL\"},{\"@type\":\"Organization\",\"@id\":\"https:\/\/flowhandmade.pl\/#organization\",\"name\":\"Flow Renata Rosi\u0144ska-Zasuwa\",\"url\":\"https:\/\/flowhandmade.pl\/\",\"logo\":{\"@type\":\"ImageObject\",\"inLanguage\":\"pl-PL\",\"@id\":\"https:\/\/flowhandmade.pl\/#\/schema\/logo\/image\/\",\"url\":\"https:\/\/flowhandmade.pl\/wp-content\/uploads\/2019\/12\/IMG_1800-07-12-19-06-49.jpg\",\"contentUrl\":\"https:\/\/flowhandmade.pl\/wp-content\/uploads\/2019\/12\/IMG_1800-07-12-19-06-49.jpg\",\"width\":2048,\"height\":2048,\"caption\":\"Flow Renata Rosi\u0144ska-Zasuwa\"},\"image\":{\"@id\":\"https:\/\/flowhandmade.pl\/#\/schema\/logo\/image\/\"},\"sameAs\":[\"https:\/\/pl-pl.facebook.com\/FlowAkcesoria\/\",\"https:\/\/www.instagram.com\/flow_handmade_accessories\"]}]}<\/script>\n<!-- \/ Yoast SEO plugin. -->","yoast_head_json":{"title":"\u015alubne ozdoby do w\u0142os\u00f3w i bi\u017cuteria \u015blubna - Flow handmade accessories","description":"R\u0119cznie robiona bi\u017cuteria i \u015blubne ozdoby do w\u0142os\u00f3w: wianki, grzebyki, opaski, ga\u0142\u0105zki do w\u0142os\u00f3w. Bi\u017cuteria z najwy\u017cszej jako\u015bci materia\u0142\u00f3w jubilerskich.","robots":{"index":"index","follow":"follow","max-snippet":"max-snippet:-1","max-image-preview":"max-image-preview:large","max-video-preview":"max-video-preview:-1"},"canonical":"https:\/\/flowhandmade.pl\/","og_locale":"pl_PL","og_type":"article","og_title":"\u015alubne ozdoby do w\u0142os\u00f3w i bi\u017cuteria \u015blubna - Flow handmade accessories","og_description":"R\u0119cznie robiona bi\u017cuteria i \u015blubne ozdoby do w\u0142os\u00f3w: wianki, grzebyki, opaski, ga\u0142\u0105zki do w\u0142os\u00f3w. Bi\u017cuteria z najwy\u017cszej jako\u015bci materia\u0142\u00f3w jubilerskich.","og_url":"https:\/\/flowhandmade.pl\/","og_site_name":"\u015alubne ozdoby do w\u0142os\u00f3w i bi\u017cuteria \u015blubna","article_publisher":"https:\/\/pl-pl.facebook.com\/FlowAkcesoria\/","article_modified_time":"2020-01-01T21:45:14+00:00","og_image":[{"url":"https:\/\/flowhandmade.pl\/wp-content\/uploads\/2019\/02\/1-13-1024x684.jpg","type":"","width":"","height":""}],"twitter_card":"summary_large_image","twitter_misc":{"Szacowany czas czytania":"2 minuty"},"schema":{"@context":"https:\/\/schema.org","@graph":[{"@type":"WebPage","@id":"https:\/\/flowhandmade.pl\/","url":"https:\/\/flowhandmade.pl\/","name":"\u015alubne ozdoby do w\u0142os\u00f3w i bi\u017cuteria \u015blubna - Flow handmade accessories","isPartOf":{"@id":"https:\/\/flowhandmade.pl\/#website"},"primaryImageOfPage":{"@id":"https:\/\/flowhandmade.pl\/#primaryimage"},"image":{"@id":"https:\/\/flowhandmade.pl\/#primaryimage"},"thumbnailUrl":"https:\/\/flowhandmade.pl\/wp-content\/uploads\/2019\/02\/1-13-1024x684.jpg","datePublished":"2018-11-06T09:13:51+00:00","dateModified":"2020-01-01T21:45:14+00:00","description":"R\u0119cznie robiona bi\u017cuteria i \u015blubne ozdoby do w\u0142os\u00f3w: wianki, grzebyki, opaski, ga\u0142\u0105zki do w\u0142os\u00f3w. Bi\u017cuteria z najwy\u017cszej jako\u015bci materia\u0142\u00f3w jubilerskich.","breadcrumb":{"@id":"https:\/\/flowhandmade.pl\/#breadcrumb"},"inLanguage":"pl-PL","potentialAction":[{"@type":"ReadAction","target":["https:\/\/flowhandmade.pl\/"]}]},{"@type":"ImageObject","inLanguage":"pl-PL","@id":"https:\/\/flowhandmade.pl\/#primaryimage","url":"https:\/\/flowhandmade.pl\/wp-content\/uploads\/2019\/02\/1-13-1024x684.jpg","contentUrl":"https:\/\/flowhandmade.pl\/wp-content\/uploads\/2019\/02\/1-13-1024x684.jpg"},{"@type":"BreadcrumbList","@id":"https:\/\/flowhandmade.pl\/#breadcrumb","itemListElement":[{"@type":"ListItem","position":1,"name":"Strona g\u0142\u00f3wna","item":"https:\/\/flowhandmade.pl\/"},{"@type":"ListItem","position":2,"name":"\u015alubne ozdoby do w\u0142os\u00f3w"}]},{"@type":"WebSite","@id":"https:\/\/flowhandmade.pl\/#website","url":"https:\/\/flowhandmade.pl\/","name":"Flow handmade accessories","description":"Unikatowa r\u0119cznie robiona bi\u017cuteria \u015blubna, bi\u017cuteryjne \u015blubne ozdoby do w\u0142os\u00f3w; wianki, grzebyki, spinki, opaski, szpilki. Akcesoria \u015blubne.","publisher":{"@id":"https:\/\/flowhandmade.pl\/#organization"},"potentialAction":[{"@type":"SearchAction","target":{"@type":"EntryPoint","urlTemplate":"https:\/\/flowhandmade.pl\/?s={search_term_string}"},"query-input":{"@type":"PropertyValueSpecification","valueRequired":true,"valueName":"search_term_string"}}],"inLanguage":"pl-PL"},{"@type":"Organization","@id":"https:\/\/flowhandmade.pl\/#organization","name":"Flow Renata Rosi\u0144ska-Zasuwa","url":"https:\/\/flowhandmade.pl\/","logo":{"@type":"ImageObject","inLanguage":"pl-PL","@id":"https:\/\/flowhandmade.pl\/#\/schema\/logo\/image\/","url":"https:\/\/flowhandmade.pl\/wp-content\/uploads\/2019\/12\/IMG_1800-07-12-19-06-49.jpg","contentUrl":"https:\/\/flowhandmade.pl\/wp-content\/uploads\/2019\/12\/IMG_1800-07-12-19-06-49.jpg","width":2048,"height":2048,"caption":"Flow Renata Rosi\u0144ska-Zasuwa"},"image":{"@id":"https:\/\/flowhandmade.pl\/#\/schema\/logo\/image\/"},"sameAs":["https:\/\/pl-pl.facebook.com\/FlowAkcesoria\/","https:\/\/www.instagram.com\/flow_handmade_accessories"]}]}},"_links":{"self":[{"href":"https:\/\/flowhandmade.pl\/index.php\/wp-json\/wp\/v2\/pages\/2","targetHints":{"allow":["GET"]}}],"collection":[{"href":"https:\/\/flowhandmade.pl\/index.php\/wp-json\/wp\/v2\/pages"}],"about":[{"href":"https:\/\/flowhandmade.pl\/index.php\/wp-json\/wp\/v2\/types\/page"}],"author":[{"embeddable":true,"href":"https:\/\/flowhandmade.pl\/index.php\/wp-json\/wp\/v2\/users\/1"}],"replies":[{"embeddable":true,"href":"https:\/\/flowhandmade.pl\/index.php\/wp-json\/wp\/v2\/comments?post=2"}],"version-history":[{"count":27,"href":"https:\/\/flowhandmade.pl\/index.php\/wp-json\/wp\/v2\/pages\/2\/revisions"}],"predecessor-version":[{"id":850,"href":"https:\/\/flowhandmade.pl\/index.php\/wp-json\/wp\/v2\/pages\/2\/revisions\/850"}],"wp:attachment":[{"href":"https:\/\/flowhandmade.pl\/index.php\/wp-json\/wp\/v2\/media?parent=2"}],"curies":[{"name":"wp","href":"https:\/\/api.w.org\/{rel}","templated":true}]}}